{"id":45742,"date":"2023-12-12T10:49:33","date_gmt":"2023-12-12T09:49:33","guid":{"rendered":"https:\/\/pet-shopping.de\/shop\/produkt\/trixie-reise-set-aus-2-naepfen-und-futterbehaelter\/"},"modified":"2023-12-12T10:49:41","modified_gmt":"2023-12-12T09:49:41","slug":"trixie-reise-set-aus-2-naepfen-und-futterbehaelter","status":"publish","type":"product","link":"https:\/\/all-pets.de\/shop\/produkt\/trixie-reise-set-aus-2-naepfen-und-futterbehaelter\/","title":{"rendered":"Trixie Reise-Set aus 2 N\u00e4pfen und Futterbeh\u00e4lter"},"content":{"rendered":"<p>Das praktische Reise-Set besteht aus Kunststoff und bietet Ihrem Vierbeiner unterwegs alles was er ben\u00f6tigt. <\/p>\n<p>Das Set besteht aus einem Wasser- und einem Futternapf je 0,75 l und einem Futterbeh\u00e4lter mit 2 l Fassungsverm\u00f6gen zum Aufbewahren des Trockenfutters. Die Einzelteile werden zum Transportieren einfach zusammengesteckt und k\u00f6nnen so platzsparend verstaut oder mit Hilfe des Griffs getragen werden.<\/p>\n","protected":false},"excerpt":{"rendered":"<p>Das praktische Reise-Set besteht aus Kunststoff und bietet Ihrem Vierbeiner unterwegs alles was er ben\u00f6tigt. Das Set besteht aus einem Wasser- und einem Futternapf je 0,75 l und einem Futterbeh\u00e4lter mit 2 l Fassungsverm\u00f6gen zum Aufbewahren des Trockenfutters. Die Einzelteile werden zum Transportieren einfach zusammengesteckt und k\u00f6nnen so platzsparend verstaut oder mit Hilfe des Griffs [&hellip;]<\/p>\n","protected":false},"featured_media":25889,"comment_status":"closed","ping_status":"open","template":"","meta":[],"product_cat":[14148],"product_tag":[],"class_list":{"0":"post-45742","1":"product","2":"type-product","3":"status-publish","4":"has-post-thumbnail","6":"product_cat-gurt-und-futtertaschen-erziehung-gurt-futtertaschenhundewelt-unterwegs-futter-und-snackdosenhundewelt-2","8":"first","9":"instock","10":"taxable","11":"shipping-taxable","12":"purchasable","13":"product-type-simple"},"_links":{"self":[{"href":"https:\/\/all-pets.de\/shop\/wp-json\/wp\/v2\/product\/45742","targetHints":{"allow":["GET"]}}],"collection":[{"href":"https:\/\/all-pets.de\/shop\/wp-json\/wp\/v2\/product"}],"about":[{"href":"https:\/\/all-pets.de\/shop\/wp-json\/wp\/v2\/types\/product"}],"replies":[{"embeddable":true,"href":"https:\/\/all-pets.de\/shop\/wp-json\/wp\/v2\/comments?post=45742"}],"wp:featuredmedia":[{"embeddable":true,"href":"https:\/\/all-pets.de\/shop\/wp-json\/wp\/v2\/media\/25889"}],"wp:attachment":[{"href":"https:\/\/all-pets.de\/shop\/wp-json\/wp\/v2\/media?parent=45742"}],"wp:term":[{"taxonomy":"product_cat","embeddable":true,"href":"https:\/\/all-pets.de\/shop\/wp-json\/wp\/v2\/product_cat?post=45742"},{"taxonomy":"product_tag","embeddable":true,"href":"https:\/\/all-pets.de\/shop\/wp-json\/wp\/v2\/product_tag?post=45742"}],"curies":[{"name":"wp","href":"https:\/\/api.w.org\/{rel}","templated":true}]}}