{"id":45749,"date":"2023-12-12T10:49:43","date_gmt":"2023-12-12T09:49:43","guid":{"rendered":"https:\/\/pet-shopping.de\/shop\/produkt\/trixie-teebaum-oel-zahncreme-100-g\/"},"modified":"2023-12-12T10:49:43","modified_gmt":"2023-12-12T09:49:43","slug":"trixie-teebaum-oel-zahncreme-100-g","status":"publish","type":"product","link":"https:\/\/all-pets.de\/shop\/produkt\/trixie-teebaum-oel-zahncreme-100-g\/","title":{"rendered":"Trixie Teebaum-\u00d6l Zahncreme &#8211; 100 g"},"content":{"rendered":"<p>Diese Zahncreme f\u00fcr Hunde vom Qualit\u00e4tshersteller Trixie enth\u00e4lt naturreines, australisches Teebaum-\u00d6l. So k\u00f6nnen Sie ganz einfach die Maulhygiene verbessern, Zahnstein vorbeugen und den Atem Ihres Hundes l\u00e4nger frisch halten.<\/p>\n<p>Inhalt: 100g<\/p>\n<p>Inhaltsstoffe: Sorbitol, Silicon Dioxide, Alkyl Polyglycosides, Cellulose Gum, Minze, Teebaum-\u00d6l, Tetrasodium Pyrophosphate, Enzyme.<\/p>\n","protected":false},"excerpt":{"rendered":"<p>Diese Zahncreme f\u00fcr Hunde vom Qualit\u00e4tshersteller Trixie enth\u00e4lt naturreines, australisches Teebaum-\u00d6l. So k\u00f6nnen Sie ganz einfach die Maulhygiene verbessern, Zahnstein vorbeugen und den Atem Ihres Hundes l\u00e4nger frisch halten. Inhalt: 100g Inhaltsstoffe: Sorbitol, Silicon Dioxide, Alkyl Polyglycosides, Cellulose Gum, Minze, Teebaum-\u00d6l, Tetrasodium Pyrophosphate, Enzyme.<\/p>\n","protected":false},"featured_media":25910,"comment_status":"closed","ping_status":"open","template":"","meta":[],"product_cat":[13710],"product_tag":[],"class_list":{"0":"post-45749","1":"product","2":"type-product","3":"status-publish","4":"has-post-thumbnail","6":"product_cat-zahnpflege","8":"first","9":"instock","10":"taxable","11":"shipping-taxable","12":"purchasable","13":"product-type-simple"},"_links":{"self":[{"href":"https:\/\/all-pets.de\/shop\/wp-json\/wp\/v2\/product\/45749","targetHints":{"allow":["GET"]}}],"collection":[{"href":"https:\/\/all-pets.de\/shop\/wp-json\/wp\/v2\/product"}],"about":[{"href":"https:\/\/all-pets.de\/shop\/wp-json\/wp\/v2\/types\/product"}],"replies":[{"embeddable":true,"href":"https:\/\/all-pets.de\/shop\/wp-json\/wp\/v2\/comments?post=45749"}],"wp:featuredmedia":[{"embeddable":true,"href":"https:\/\/all-pets.de\/shop\/wp-json\/wp\/v2\/media\/25910"}],"wp:attachment":[{"href":"https:\/\/all-pets.de\/shop\/wp-json\/wp\/v2\/media?parent=45749"}],"wp:term":[{"taxonomy":"product_cat","embeddable":true,"href":"https:\/\/all-pets.de\/shop\/wp-json\/wp\/v2\/product_cat?post=45749"},{"taxonomy":"product_tag","embeddable":true,"href":"https:\/\/all-pets.de\/shop\/wp-json\/wp\/v2\/product_tag?post=45749"}],"curies":[{"name":"wp","href":"https:\/\/api.w.org\/{rel}","templated":true}]}}