{"id":45752,"date":"2023-12-12T10:49:43","date_gmt":"2023-12-12T09:49:43","guid":{"rendered":"https:\/\/pet-shopping.de\/shop\/produkt\/trixie-zahnpflege-set-fuer-hunde\/"},"modified":"2023-12-12T10:49:44","modified_gmt":"2023-12-12T09:49:44","slug":"trixie-zahnpflege-set-fuer-hunde","status":"publish","type":"product","link":"https:\/\/all-pets.de\/shop\/produkt\/trixie-zahnpflege-set-fuer-hunde\/","title":{"rendered":"Trixie Zahnpflege-Set f\u00fcr Hunde"},"content":{"rendered":"<p>Das Trixie Zahnpflege-Set bietet Ihnen die optimale Rundum-Pflege von Hundez\u00e4hnen.<\/p>\n<p>Das Set beinhaltet folgende Bestandteile:<\/p>\n<p>&#8211; Zahncreme mit angenehmem Minzaroma<br \/> &#8211; eine Finger-Zahnb\u00fcrste<br \/> &#8211; eine Finger-Massageb\u00fcrste<br \/> &#8211; eine beidseitige Zahnb\u00fcrste mit zwei verschiedenen K\u00f6pfen: gro\u00dfer B\u00fcrstenkopf f\u00fcr Vorderz\u00e4hne, kleiner B\u00fcrstenkopf f\u00fcr Backenz\u00e4hne<\/p>\n<p>Damit bleiben die Z\u00e4hne Ihres Hundes gesund!<\/p>\n","protected":false},"excerpt":{"rendered":"<p>Das Trixie Zahnpflege-Set bietet Ihnen die optimale Rundum-Pflege von Hundez\u00e4hnen. Das Set beinhaltet folgende Bestandteile: &#8211; Zahncreme mit angenehmem Minzaroma &#8211; eine Finger-Zahnb\u00fcrste &#8211; eine Finger-Massageb\u00fcrste &#8211; eine beidseitige Zahnb\u00fcrste mit zwei verschiedenen K\u00f6pfen: gro\u00dfer B\u00fcrstenkopf f\u00fcr Vorderz\u00e4hne, kleiner B\u00fcrstenkopf f\u00fcr Backenz\u00e4hne Damit bleiben die Z\u00e4hne Ihres Hundes gesund!<\/p>\n","protected":false},"featured_media":25924,"comment_status":"closed","ping_status":"open","template":"","meta":[],"product_cat":[13710],"product_tag":[],"class_list":{"0":"post-45752","1":"product","2":"type-product","3":"status-publish","4":"has-post-thumbnail","6":"product_cat-zahnpflege","8":"first","9":"instock","10":"taxable","11":"shipping-taxable","12":"purchasable","13":"product-type-simple"},"_links":{"self":[{"href":"https:\/\/all-pets.de\/shop\/wp-json\/wp\/v2\/product\/45752","targetHints":{"allow":["GET"]}}],"collection":[{"href":"https:\/\/all-pets.de\/shop\/wp-json\/wp\/v2\/product"}],"about":[{"href":"https:\/\/all-pets.de\/shop\/wp-json\/wp\/v2\/types\/product"}],"replies":[{"embeddable":true,"href":"https:\/\/all-pets.de\/shop\/wp-json\/wp\/v2\/comments?post=45752"}],"wp:featuredmedia":[{"embeddable":true,"href":"https:\/\/all-pets.de\/shop\/wp-json\/wp\/v2\/media\/25924"}],"wp:attachment":[{"href":"https:\/\/all-pets.de\/shop\/wp-json\/wp\/v2\/media?parent=45752"}],"wp:term":[{"taxonomy":"product_cat","embeddable":true,"href":"https:\/\/all-pets.de\/shop\/wp-json\/wp\/v2\/product_cat?post=45752"},{"taxonomy":"product_tag","embeddable":true,"href":"https:\/\/all-pets.de\/shop\/wp-json\/wp\/v2\/product_tag?post=45752"}],"curies":[{"name":"wp","href":"https:\/\/api.w.org\/{rel}","templated":true}]}}