{"id":45753,"date":"2023-12-12T10:49:43","date_gmt":"2023-12-12T09:49:43","guid":{"rendered":"https:\/\/pet-shopping.de\/shop\/produkt\/trixie-pfotenpflege-fuer-hunde-und-katzen-50-ml\/"},"modified":"2023-12-12T10:49:44","modified_gmt":"2023-12-12T09:49:44","slug":"trixie-pfotenpflege-fuer-hunde-und-katzen-50-ml","status":"publish","type":"product","link":"https:\/\/all-pets.de\/shop\/produkt\/trixie-pfotenpflege-fuer-hunde-und-katzen-50-ml\/","title":{"rendered":"Trixie Pfotenpflege f\u00fcr Hunde und Katzen &#8211; 50 ml"},"content":{"rendered":"<p>Die Trixie Pfotenpflege mit Bienenwachs sch\u00fctzt und pflegt die Pfoten Ihres Tieres, vorallem im Winter bei Eis, Streusalz und Splitt, aber auch ganzj\u00e4hrig bei langen Spazierg\u00e4ngen auf spr\u00f6dem und rauem Untergrund oder bei Tieren, deren Pfoten besondere Pflege ben\u00f6tigen.<\/p>\n<p>Die Creme eignet sich f\u00fcr Hunde und Katzen und erh\u00e4lt die Hautgeschmeidigkeit Ihres Vierbeiners.<\/p>\n<p>Inhalt: 50 ml<\/p>\n<p> Inhaltsstoffe: Wasser, Vaseline, Bienenwachs, PEG-40, Glycerin, Isopropyl Myristate, Polyglyceryl-2 Dioleate Isodearte Glyceride, mineralisches \u00d6l, Sorbitan Oleate, Dimethicone, Magnesium Sulfate, Sodium Borate, Propylbaraben, Methylparaben, Duftstoff.\u00a0 <\/p>\n<p>\u00a0<\/p>\n","protected":false},"excerpt":{"rendered":"<p>Die Trixie Pfotenpflege mit Bienenwachs sch\u00fctzt und pflegt die Pfoten Ihres Tieres, vorallem im Winter bei Eis, Streusalz und Splitt, aber auch ganzj\u00e4hrig bei langen Spazierg\u00e4ngen auf spr\u00f6dem und rauem Untergrund oder bei Tieren, deren Pfoten besondere Pflege ben\u00f6tigen. Die Creme eignet sich f\u00fcr Hunde und Katzen und erh\u00e4lt die Hautgeschmeidigkeit Ihres Vierbeiners. Inhalt: 50 [&hellip;]<\/p>\n","protected":false},"featured_media":25926,"comment_status":"closed","ping_status":"open","template":"","meta":[],"product_cat":[14160],"product_tag":[],"class_list":{"0":"post-45753","1":"product","2":"type-product","3":"status-publish","4":"has-post-thumbnail","6":"product_cat-hundepfoten-krallenpflege-pflege-gesundheit-pfoten-krallenpflegehundewelt","8":"first","9":"instock","10":"taxable","11":"shipping-taxable","12":"purchasable","13":"product-type-simple"},"_links":{"self":[{"href":"https:\/\/all-pets.de\/shop\/wp-json\/wp\/v2\/product\/45753","targetHints":{"allow":["GET"]}}],"collection":[{"href":"https:\/\/all-pets.de\/shop\/wp-json\/wp\/v2\/product"}],"about":[{"href":"https:\/\/all-pets.de\/shop\/wp-json\/wp\/v2\/types\/product"}],"replies":[{"embeddable":true,"href":"https:\/\/all-pets.de\/shop\/wp-json\/wp\/v2\/comments?post=45753"}],"wp:featuredmedia":[{"embeddable":true,"href":"https:\/\/all-pets.de\/shop\/wp-json\/wp\/v2\/media\/25926"}],"wp:attachment":[{"href":"https:\/\/all-pets.de\/shop\/wp-json\/wp\/v2\/media?parent=45753"}],"wp:term":[{"taxonomy":"product_cat","embeddable":true,"href":"https:\/\/all-pets.de\/shop\/wp-json\/wp\/v2\/product_cat?post=45753"},{"taxonomy":"product_tag","embeddable":true,"href":"https:\/\/all-pets.de\/shop\/wp-json\/wp\/v2\/product_tag?post=45753"}],"curies":[{"name":"wp","href":"https:\/\/api.w.org\/{rel}","templated":true}]}}