{"id":45754,"date":"2023-12-12T10:49:43","date_gmt":"2023-12-12T09:49:43","guid":{"rendered":"https:\/\/pet-shopping.de\/shop\/produkt\/trixie-pfotenpflege-spray-50-ml\/"},"modified":"2023-12-12T10:49:44","modified_gmt":"2023-12-12T09:49:44","slug":"trixie-pfotenpflege-spray-50-ml","status":"publish","type":"product","link":"https:\/\/all-pets.de\/shop\/produkt\/trixie-pfotenpflege-spray-50-ml\/","title":{"rendered":"Trixie Pfotenpflege-Spray &#8211; 50 ml"},"content":{"rendered":"<p>Pfotenpflege Spray erh\u00e4lt die Hautgeschmeidigkeit, wirkt vorbeugend gegen Verh\u00e4rtungen, \u00fcberm\u00e4\u00dfige Verhornung sowie gegen rissige Haut- und Pfotenbeschaffenheit. Die Anwendung ist empfehlenswert im Winter bei Eis, Streusalz und Splitt sowie bei langen Spazierg\u00e4ngen und rauem Untergrund. Nach dem Aufspr\u00fchen entsteht ein gut haftender, elastischer und wasserfester Schutzfilm. Bei l\u00e4ngeren Spazierg\u00e4ngen sollte der Schutzfilm regelm\u00e4\u00dfig erneuert werden.<\/p>\n<ul>\n<li>mit Aloe Vera<\/li>\n<li>zum Schutz der Pfoten und zur Pflege der Haut.<\/li>\n<li>Inhalt: 50 ml<\/li>\n<\/ul>\n<p> <span style=\"weight: bold\">Allgemeines:<\/span><br \/> Besonders im Winter werden Hundepfoten durch Eis, Streusalz und Splitt stark beansprucht. Dadurch werden die Ballen rissig und spr\u00f6de. Zur Vorbeugung und Heilung sollten die Pfoten regelm\u00e4\u00dfig mit einem geeigneten Pflegeprodukt behandelt werden.<\/p>\n","protected":false},"excerpt":{"rendered":"<p>Pfotenpflege Spray erh\u00e4lt die Hautgeschmeidigkeit, wirkt vorbeugend gegen Verh\u00e4rtungen, \u00fcberm\u00e4\u00dfige Verhornung sowie gegen rissige Haut- und Pfotenbeschaffenheit. Die Anwendung ist empfehlenswert im Winter bei Eis, Streusalz und Splitt sowie bei langen Spazierg\u00e4ngen und rauem Untergrund. Nach dem Aufspr\u00fchen entsteht ein gut haftender, elastischer und wasserfester Schutzfilm. Bei l\u00e4ngeren Spazierg\u00e4ngen sollte der Schutzfilm regelm\u00e4\u00dfig erneuert werden. [&hellip;]<\/p>\n","protected":false},"featured_media":25928,"comment_status":"closed","ping_status":"open","template":"","meta":[],"product_cat":[14160],"product_tag":[],"class_list":{"0":"post-45754","1":"product","2":"type-product","3":"status-publish","4":"has-post-thumbnail","6":"product_cat-hundepfoten-krallenpflege-pflege-gesundheit-pfoten-krallenpflegehundewelt","8":"first","9":"instock","10":"taxable","11":"shipping-taxable","12":"purchasable","13":"product-type-simple"},"_links":{"self":[{"href":"https:\/\/all-pets.de\/shop\/wp-json\/wp\/v2\/product\/45754","targetHints":{"allow":["GET"]}}],"collection":[{"href":"https:\/\/all-pets.de\/shop\/wp-json\/wp\/v2\/product"}],"about":[{"href":"https:\/\/all-pets.de\/shop\/wp-json\/wp\/v2\/types\/product"}],"replies":[{"embeddable":true,"href":"https:\/\/all-pets.de\/shop\/wp-json\/wp\/v2\/comments?post=45754"}],"wp:featuredmedia":[{"embeddable":true,"href":"https:\/\/all-pets.de\/shop\/wp-json\/wp\/v2\/media\/25928"}],"wp:attachment":[{"href":"https:\/\/all-pets.de\/shop\/wp-json\/wp\/v2\/media?parent=45754"}],"wp:term":[{"taxonomy":"product_cat","embeddable":true,"href":"https:\/\/all-pets.de\/shop\/wp-json\/wp\/v2\/product_cat?post=45754"},{"taxonomy":"product_tag","embeddable":true,"href":"https:\/\/all-pets.de\/shop\/wp-json\/wp\/v2\/product_tag?post=45754"}],"curies":[{"name":"wp","href":"https:\/\/api.w.org\/{rel}","templated":true}]}}