{"id":45755,"date":"2023-12-12T10:49:43","date_gmt":"2023-12-12T09:49:43","guid":{"rendered":"https:\/\/pet-shopping.de\/shop\/produkt\/trixie-multi-vitamin-paste-fuer-hunde-100-g\/"},"modified":"2023-12-12T10:49:44","modified_gmt":"2023-12-12T09:49:44","slug":"trixie-multi-vitamin-paste-fuer-hunde-100-g","status":"publish","type":"product","link":"https:\/\/all-pets.de\/shop\/produkt\/trixie-multi-vitamin-paste-fuer-hunde-100-g\/","title":{"rendered":"Trixie Multi-Vitamin-Paste f\u00fcr Hunde &#8211; 100 g"},"content":{"rendered":"<p>Die Multi-Vitamin-Paste f\u00fcr Hunde f\u00f6rdert die nat\u00fcrlichen Abwehrkr\u00e4fte.<\/p>\n<p>Die enthaltenen Vitamine des B-Komplexes unterst\u00fctzen au\u00dferdem den Stoffwechsel und den Aufbau eines sch\u00f6nen Fells.<\/p>\n<p>Inhalt: 100 g<\/p>\n","protected":false},"excerpt":{"rendered":"<p>Die Multi-Vitamin-Paste f\u00fcr Hunde f\u00f6rdert die nat\u00fcrlichen Abwehrkr\u00e4fte. Die enthaltenen Vitamine des B-Komplexes unterst\u00fctzen au\u00dferdem den Stoffwechsel und den Aufbau eines sch\u00f6nen Fells. Inhalt: 100 g<\/p>\n","protected":false},"featured_media":25930,"comment_status":"closed","ping_status":"open","template":"","meta":[],"product_cat":[13809],"product_tag":[],"class_list":{"0":"post-45755","1":"product","2":"type-product","3":"status-publish","4":"has-post-thumbnail","6":"product_cat-trixie","8":"first","9":"instock","10":"taxable","11":"shipping-taxable","12":"purchasable","13":"product-type-simple"},"_links":{"self":[{"href":"https:\/\/all-pets.de\/shop\/wp-json\/wp\/v2\/product\/45755","targetHints":{"allow":["GET"]}}],"collection":[{"href":"https:\/\/all-pets.de\/shop\/wp-json\/wp\/v2\/product"}],"about":[{"href":"https:\/\/all-pets.de\/shop\/wp-json\/wp\/v2\/types\/product"}],"replies":[{"embeddable":true,"href":"https:\/\/all-pets.de\/shop\/wp-json\/wp\/v2\/comments?post=45755"}],"wp:featuredmedia":[{"embeddable":true,"href":"https:\/\/all-pets.de\/shop\/wp-json\/wp\/v2\/media\/25930"}],"wp:attachment":[{"href":"https:\/\/all-pets.de\/shop\/wp-json\/wp\/v2\/media?parent=45755"}],"wp:term":[{"taxonomy":"product_cat","embeddable":true,"href":"https:\/\/all-pets.de\/shop\/wp-json\/wp\/v2\/product_cat?post=45755"},{"taxonomy":"product_tag","embeddable":true,"href":"https:\/\/all-pets.de\/shop\/wp-json\/wp\/v2\/product_tag?post=45755"}],"curies":[{"name":"wp","href":"https:\/\/api.w.org\/{rel}","templated":true}]}}