{"id":45760,"date":"2023-12-12T10:49:43","date_gmt":"2023-12-12T09:49:43","guid":{"rendered":"https:\/\/pet-shopping.de\/shop\/produkt\/trixie-8-ochsenziemer-ca-12-cm\/"},"modified":"2023-12-12T10:49:44","modified_gmt":"2023-12-12T09:49:44","slug":"trixie-8-ochsenziemer-ca-12-cm","status":"publish","type":"product","link":"https:\/\/all-pets.de\/shop\/produkt\/trixie-8-ochsenziemer-ca-12-cm\/","title":{"rendered":"Trixie 8 Ochsenziemer, ca. 12 cm"},"content":{"rendered":"<p>Ochsenziemerst\u00fccke sind ein Belohnungssnack aus nat\u00fcrlichem Trockenfleisch in 12cm &#8211; St\u00fccken.<\/p>\n<p>Ochsenziemer sind herzhafte und kr\u00e4ftige Leckerbissen f\u00fcr alle Hunderassen.<br \/> Sie sind nahrhaft, leicht verdaulich und somit ein idealer Snack f\u00fcr zwischendurch.<\/p>\n<p>Dieser Snack entspricht, wie auch Muskelfleisch und Innereien dem urspr\u00fcnglichen Beutefleisch Ihres Hundes.<br \/> Beim Zerkauen werden gleichzeitig die Z\u00e4hne von Bel\u00e4gen befreit, das Zahnfleisch massiert und die Kaumuskeln gekr\u00e4ftigt.<\/p>\n<p>Die Ochsenziemer werden in einem speziellen Verfahren schonend getrocknet.<br \/> Trockenfleisch bietet eine ideale Alternative zu frischen Fleischteilen vom Metzger.<br \/> Es ist ebenso nahrhaft bei besserer Lagerf\u00e4higkeit und besitzt einen angenehmeren Geruch.<\/p>\n<p>Ochsenziemerst\u00fccke sind aus 100% nat\u00fcrlichem Fleisch ohne den Zusatz k\u00fcnstlicher Konservierungsstoffe.<\/p>\n<p>Bitte lagern Sie dieses Produkt immer k\u00fchl und trocken.<\/p>\n<p>Als Belohnungssnack erg\u00e4nzend zur gewohnten Hauptnahrung. Bitte immer ausreichend Wasser zur Verf\u00fcgung stellen.<\/p>\n","protected":false},"excerpt":{"rendered":"<p>Ochsenziemerst\u00fccke sind ein Belohnungssnack aus nat\u00fcrlichem Trockenfleisch in 12cm &#8211; St\u00fccken. Ochsenziemer sind herzhafte und kr\u00e4ftige Leckerbissen f\u00fcr alle Hunderassen. Sie sind nahrhaft, leicht verdaulich und somit ein idealer Snack f\u00fcr zwischendurch. Dieser Snack entspricht, wie auch Muskelfleisch und Innereien dem urspr\u00fcnglichen Beutefleisch Ihres Hundes. Beim Zerkauen werden gleichzeitig die Z\u00e4hne von Bel\u00e4gen befreit, das [&hellip;]<\/p>\n","protected":false},"featured_media":25987,"comment_status":"closed","ping_status":"open","template":"","meta":[],"product_cat":[13809],"product_tag":[],"class_list":{"0":"post-45760","1":"product","2":"type-product","3":"status-publish","4":"has-post-thumbnail","6":"product_cat-trixie","8":"first","9":"instock","10":"taxable","11":"shipping-taxable","12":"purchasable","13":"product-type-simple"},"_links":{"self":[{"href":"https:\/\/all-pets.de\/shop\/wp-json\/wp\/v2\/product\/45760","targetHints":{"allow":["GET"]}}],"collection":[{"href":"https:\/\/all-pets.de\/shop\/wp-json\/wp\/v2\/product"}],"about":[{"href":"https:\/\/all-pets.de\/shop\/wp-json\/wp\/v2\/types\/product"}],"replies":[{"embeddable":true,"href":"https:\/\/all-pets.de\/shop\/wp-json\/wp\/v2\/comments?post=45760"}],"wp:featuredmedia":[{"embeddable":true,"href":"https:\/\/all-pets.de\/shop\/wp-json\/wp\/v2\/media\/25987"}],"wp:attachment":[{"href":"https:\/\/all-pets.de\/shop\/wp-json\/wp\/v2\/media?parent=45760"}],"wp:term":[{"taxonomy":"product_cat","embeddable":true,"href":"https:\/\/all-pets.de\/shop\/wp-json\/wp\/v2\/product_cat?post=45760"},{"taxonomy":"product_tag","embeddable":true,"href":"https:\/\/all-pets.de\/shop\/wp-json\/wp\/v2\/product_tag?post=45760"}],"curies":[{"name":"wp","href":"https:\/\/api.w.org\/{rel}","templated":true}]}}