{"id":45762,"date":"2023-12-12T10:49:43","date_gmt":"2023-12-12T09:49:43","guid":{"rendered":"https:\/\/pet-shopping.de\/shop\/produkt\/trixie-agility-slalom\/"},"modified":"2023-12-12T10:49:45","modified_gmt":"2023-12-12T09:49:45","slug":"trixie-agility-slalom","status":"publish","type":"product","link":"https:\/\/all-pets.de\/shop\/produkt\/trixie-agility-slalom\/","title":{"rendered":"Trixie Agility Slalom"},"content":{"rendered":"<div>Die Agility Stangen sind f\u00fcr mehrere Aufbauvarianten mit verschiedenen Schwierigkeitsgraden geeignet. Sie werden inklusive Richtschnur mit Ma\u00dfeinteilung geliefert.\u00a0 Regelm\u00e4\u00dfige Bewegung h\u00e4lt den Hund fit und sorgt f\u00fcr ein gesundes sowie langes Leben. <\/div>\n<div>Details:<\/div>\n<div> &#8211; schaffen Sie Ihrem Hund ein abwechslungsreiches Fitnessprogramm<br \/> &#8211; Bewegung h\u00e4lt Ihren Hund fit und sorgt f\u00fcr ein gesundes sowie langes Leben<br \/> &#8211; gemeinsame Aktivit\u00e4ten vertiefen die Beziehung und schaffen Vertrauen<br \/> &#8211; rostfreie Bodenn\u00e4gel mit Schutzt\u00fcllen\u00a0 <br \/> &#8211; inklusive Richtschnur mit Ma\u00dfeinteilung<br \/> &#8211; einfacher Auf- und Abbau des Slaloms<br \/> &#8211; mit Nylontransporttasche<br \/> &#8211; platzsparend aufzubewahren<br \/> &#8211; Ma\u00dfe: 115 cm L\u00e4nge x 3 cm Durchmesser<br \/> &#8211; 12 Stangen <\/div>\n<div>Allgemeine Hinweise:<\/div>\n<div>\u00a0\u00a0 1. Vor dem Sport sollte sich Ihr Hund immer aufw\u00e4rmen (etwas laufen oder mit leichten \u00dcbungen beginnen). <br \/> \u00a0\u00a0 2. Nie mit vollem Magen trainieren oder gleich nach dem Training f\u00fcttern. Leichte Snacks zur Belohnung sind erlaubt. <br \/> \u00a0\u00a0 3. Steigern Sie die Anforderungen an Ihren Hund nur langsam, damit er nicht \u00fcberfordert wird. <br \/> \u00a0\u00a0 4. Passen Sie den Sport Ihrem Hund an und beachten Sie dabei Rasse, Alter, Talent und Gr\u00f6\u00dfe Ihres Hundes. <br \/> \u00a0\u00a0 5. Gew\u00e4hren Sie w\u00e4hrend des Trainings ausreichend Pausen, damit Ihr Hund die Freude an der gemeinsamen Aktivit\u00e4t beh\u00e4lt. Stellen Sie immer einen Napf mit Wasser bereit und lassen Sie ihn nach dem Trinken kurz verschnaufen. <br \/> \u00a0\u00a0 6. Beachten Sie, dass das Training immer mit einer positiven Erfahrung beendet werden sollte. <br \/> \u00a0\u00a0 7. Mit Welpen und heranwachsenden Hunden darf nur nach R\u00fccksprache mit dem Tierarzt trainiert werden, um eventuelle Gesundheitssch\u00e4den zu vermeiden.<\/div>\n<div>\u00a0<br \/> Wichtig: Streicheln und loben Sie Ihren Hund beim Training &#8211; das motiviert und schafft Vertrauen.<\/div>\n<div> Aufbauanleitung:<br \/> Bauen Sie die Stangen in einer geraden Linie in einem Abstand von ca. 50 &#8211; 65 cm auf. Nutzen Sie hierzu die mitgelieferte Richtschnur. Falls Sie sp\u00e4ter mit Ihrem Hund an Wettk\u00e4mpfen teilnehmen m\u00f6chten, sollten Sie gleich schon zu Beginn mit einem Abstand von 60 cm arbeiten. Eine entsprechende Markierung finden Sie auf der mitgelieferten Richtschnur. Nach dem Aufbau sollte die Richtschnur unbedingt entfernt werden, da sonst Verletzungsgefahr f\u00fcr Sie und Ihren Hund besteht.<\/div>\n<div> Das Fitnesstraining kann beginnen:<br \/> Das Erlernen des Slaloms ist die schwierigste und zeitaufw\u00e4ndigste \u00dcbung im Agility-Sport. Bitte planen Sie f\u00fcr das Training viel Zeit ein und haben Sie Geduld. Steigern Sie den Schwierigkeitsgrad langsam und f\u00fchren Sie nur kurze Trainingseinheiten durch, damit Ihr Hund die Freude an der gemeinsamen Aktivit\u00e4t beh\u00e4lt.<br \/> \u00a0<\/div>\n<div>\u00a0\u00a0 1. Beginnen Sie das Training mit 8 Stangen und erh\u00f6hen Sie sp\u00e4ter die Anzahl auf 10 bis 12 St\u00fcck.<br \/> \u00a0\u00a0 2. Bei einem Wettkampf beginnt der Hund den Slalom immer von rechts (die erste Slalomstange ist also links vom Hund). Beabsichtigen sie sp\u00e4ter an Wettk\u00e4mpfen teilzunehmen, sollten sie auch nur so trainieren.<br \/> \u00a0\u00a0 3. Geben Sie zu Beginn des Slaloms ein Kommando wie z.B. &#8218;Slalom&#8216;.<br \/> \u00a0\u00a0 4. Wiederholen Sie die einzelnen Trainingsphasen mehrmals, um sicher zu gehen, dass Ihr Hund die Phase verstanden hat und problemlos meistert.<br \/> \u00a0\u00a0 5. Wenn Ihr Hund durch den Slalom l\u00e4uft, sollten Sie ihn anschlie\u00dfend immer ausgiebig loben. Ab und zu k\u00f6nnen Sie ihn mit einem kleinen Snack belohnen.<br \/> \u00a0\u00a0 6. Wenn Sie wenig Erfahrung in der Hundeausbildung haben oder im Verlauf der Hundeausbildung an Wettk\u00e4mpfen teilnehmen m\u00f6chten, ist es sinnvoll zus\u00e4tzlich in einer Hundeschule oder einem Hundesportverein zu trainieren. So k\u00f6nnen Sie eventuelle Trainingsfehler vermeiden oder Tipps von einem erfahrenen Ausbilder erhalten.<\/div>\n<div>\u00a0<br \/> Die Trainingsphasen:<br \/> Sie k\u00f6nnen den Trainingsslalom in zwei verschiedenen Varianten aufbauen. Das Ziel ist bei beiden das gleiche.<\/div>\n<div> V-f\u00f6rmiger Aufbau:<br \/> Stellen Sie die Stangen unter Nutzung der Richtschnur in einer geraden Linie so auf, dass der Slalom von vorn betrachtet wie ein &#8218;V&#8216; erscheint. F\u00fchren Sie Ihren Hund durch die Stangen, indem Sie ihn mit einem Spielzeug oder Snack locken. Am Ende des Slaloms wird der Hund durch ein ausgelassenes Spiel mit dem Spielzeug oder mit dem Snack belohnt.<br \/> \u00a0<br \/> Im weiteren Trainingsverlauf sollte der Hund sich so auf die Belohnung am Ende des Slaloms freuen, dass Sie ihn immer weniger locken m\u00fcssen. Steigern Sie die Anforderung jedoch nur so vorsichtig, dass ihr Hund keine Stange ausl\u00e4sst.<br \/> \u00a0<br \/> Wenn der Hund den Slalom relativ selbst\u00e4ndig bew\u00e4ltigt, k\u00f6nnen Sie die Geschwindigkeit langsam steigern. Achten Sie dabei darauf, dass Ihr Hund nicht \u00fcber die angewinkelt aufgestellten Stangen springt. Der V-f\u00f6rmige Slalom sollte immer steiler etwas aufgebaut werden, so dass er am Ende dann senkrecht steht. Dann wird Ihr Hund wieder F\u00fchrung ben\u00f6tigen: Beginnen Sie wieder mit einem langsamen Durchgang und viel F\u00fchrung. Wie vorher beim V-f\u00f6rmigen Aufbau k\u00f6nnen Sie dann nach und nach die F\u00fchrung reduzieren und die Geschwindigkeit erh\u00f6hen.<\/div>\n<div> Aufbau einer Gasse:<br \/> Bauen Sie die Stangen auf 2 parallelen Linien so auf, dass eine Gasse entsteht die anfangs so breit sein sollte, dass Sie mit Ihrem Hund durchgehen k\u00f6nnen. In der Draufsicht entsteht so eine Zick-Zack-Form. F\u00fchren Sie Ihren Hund durch die Gasse, indem Sie ihn mit einem Spielzeug oder Snack locken. Am Ende der Gasse wird der Hund durch ein ausgelassenes Spiel mit dem Spielzeug oder mit dem Snack belohnt. Wiederholen Sie die \u00dcbungen vor dem verengen der Gasse mehrere Male, um Ihren Hund nicht zu \u00fcberfordern. Stellen Sie danach die Stangen so eng zusammen, dass nur noch Ihr Hund hindurch passt, w\u00e4hrend Sie nebenher laufen.<\/p>\n<p> Im weiteren Trainingsverlauf sollte sich der Hund auch hier so auf die Belohnung am Ende der Gasse freuen, dass Sie ihn immer weniger locken m\u00fcssen.<br \/> \u00a0<br \/> Wenn Sie das Gef\u00fchl haben, dass Ihr Hund selbst\u00e4ndig durch die Gasse l\u00e4uft, k\u00f6nnen Sie die Gasse<br \/> noch enger stellen. Geben Sie dem Hund dann wieder mehr F\u00fchrung, damit er keine Stange ausl\u00e4sst, w\u00e4hrend er beginnt sich durch den Slalom zu bewegen. Diesen Vorgang wiederholen Sie, bis Sie die Stangen auf einer Linie aufstellen k\u00f6nnen. Jetzt k\u00f6nnen Sie nach und nach die F\u00fchrung reduzieren und die Geschwindigkeit erh\u00f6hen.<br \/> \u00a0<br \/> Wenn Ihr Hund viel Spa\u00df an dem Training mit dem Slalom hat, k\u00f6nnen Sie ihn durch eine H\u00fcrde (Art.-Nr. 3207-TRXI) neu herausfordern. Hierbei handelt es sich um ein Agility-Ger\u00e4t, an dem Ihr Hund Spr\u00fcnge trainieren kann.<\/div>\n","protected":false},"excerpt":{"rendered":"<p>Die Agility Stangen sind f\u00fcr mehrere Aufbauvarianten mit verschiedenen Schwierigkeitsgraden geeignet. Sie werden inklusive Richtschnur mit Ma\u00dfeinteilung geliefert.\u00a0 Regelm\u00e4\u00dfige Bewegung h\u00e4lt den Hund fit und sorgt f\u00fcr ein gesundes sowie langes Leben. Details: &#8211; schaffen Sie Ihrem Hund ein abwechslungsreiches Fitnessprogramm &#8211; Bewegung h\u00e4lt Ihren Hund fit und sorgt f\u00fcr ein gesundes sowie langes Leben [&hellip;]<\/p>\n","protected":false},"featured_media":25994,"comment_status":"closed","ping_status":"open","template":"","meta":[],"product_cat":[13836],"product_tag":[],"class_list":{"0":"post-45762","1":"product","2":"type-product","3":"status-publish","4":"has-post-thumbnail","6":"product_cat-agility-training-hundespielzeug-sport","8":"first","9":"instock","10":"taxable","11":"shipping-taxable","12":"purchasable","13":"product-type-simple"},"_links":{"self":[{"href":"https:\/\/all-pets.de\/shop\/wp-json\/wp\/v2\/product\/45762","targetHints":{"allow":["GET"]}}],"collection":[{"href":"https:\/\/all-pets.de\/shop\/wp-json\/wp\/v2\/product"}],"about":[{"href":"https:\/\/all-pets.de\/shop\/wp-json\/wp\/v2\/types\/product"}],"replies":[{"embeddable":true,"href":"https:\/\/all-pets.de\/shop\/wp-json\/wp\/v2\/comments?post=45762"}],"wp:featuredmedia":[{"embeddable":true,"href":"https:\/\/all-pets.de\/shop\/wp-json\/wp\/v2\/media\/25994"}],"wp:attachment":[{"href":"https:\/\/all-pets.de\/shop\/wp-json\/wp\/v2\/media?parent=45762"}],"wp:term":[{"taxonomy":"product_cat","embeddable":true,"href":"https:\/\/all-pets.de\/shop\/wp-json\/wp\/v2\/product_cat?post=45762"},{"taxonomy":"product_tag","embeddable":true,"href":"https:\/\/all-pets.de\/shop\/wp-json\/wp\/v2\/product_tag?post=45762"}],"curies":[{"name":"wp","href":"https:\/\/api.w.org\/{rel}","templated":true}]}}