{"id":45763,"date":"2023-12-12T10:49:43","date_gmt":"2023-12-12T09:49:43","guid":{"rendered":"https:\/\/pet-shopping.de\/shop\/produkt\/trixie-agility-huerde\/"},"modified":"2023-12-12T10:49:45","modified_gmt":"2023-12-12T09:49:45","slug":"trixie-agility-huerde","status":"publish","type":"product","link":"https:\/\/all-pets.de\/shop\/produkt\/trixie-agility-huerde\/","title":{"rendered":"Trixie Agility H\u00fcrde"},"content":{"rendered":"<div>Mit dieser Agility-H\u00fcrde schaffen Sie f\u00fcr Ihren Hund ein abwechslungsreiches Fitnessprogramm. Die Bewegung h\u00e4lt den Hund fit und sorgt f\u00fcr ein gesundes sowie langes Leben. Die Stange wird nur lose aufgelegt, damit der Hund sich nicht verletzen kann. <\/div>\n<div> Details:<\/div>\n<div> &#8211; schaffen Sie Ihrem Hund ein abwechslungsreiches Fitnessprogramm<br \/> &#8211; Bewegung h\u00e4lt Ihren Hund fit und sorgt f\u00fcr ein gesundes sowie langes Leben<br \/> &#8211; gemeinsame Aktivit\u00e4ten vertiefen die Beziehung und schaffen Vertrauen<br \/> &#8211; Inhalt: 2 Pfosten, 1 Stange, 2 Auflagen, rostfreie, beschichtete Bodenn\u00e4gel<br \/> &#8211; einfacher Auf- und Abbau<br \/> &#8211; rostfreie Bodenn\u00e4gel mit Schutzt\u00fcllen\u00a0 <br \/> &#8211; vollverstellbare H\u00f6he<br \/> &#8211; mit Nylontransporttasche<br \/> &#8211; platzsparend aufzubewahren<br \/> &#8211; Ma\u00dfe: 123 x 115 x 3 cm Durchmesser<br \/> &#8211; Farbe: Orange\/Blau <br \/> \u00a0\u00a0\u00a0\u00a0\u00a0\u00a0 <br \/> Allgemeine Hinweise:<\/div>\n<div>\u00a0\u00a0 1. Vor dem Sport sollte sich Ihr Hund immer Aufw\u00e4rmen (etwas laufen oder mit leichten \u00dcbungen beginnen).<br \/> \u00a0\u00a0 2. Nie mit vollem Magen trainieren oder gleich nach dem Training f\u00fcttern. Leichte Snacks zur Belohnung sind erlaubt.<br \/> \u00a0\u00a0 3. Steigern Sie die Anforderungen an Ihren Hund nur langsam, damit er nicht \u00fcberfordert wird.<br \/> \u00a0\u00a0 4. Passen Sie den Sport Ihrem Hund an und beachten Sie dabei Rasse, Alter, Talent und Gr\u00f6\u00dfe Ihres Hundes.<br \/> \u00a0\u00a0 5. Gew\u00e4hren Sie w\u00e4hrend des Trainings ausreichend Pausen, damit Ihr Hund die Freude an der gemeinsamen Aktivit\u00e4t beh\u00e4lt. Stellen Sie immer einen Napf mit Wasser bereit und lassen Sie ihn nach dem Trinken kurz verschnaufen.<br \/> \u00a0\u00a0 6. Beachten Sie, dass das Training immer mit einer positiven Erfahrung beendet werden sollte.<br \/> \u00a0\u00a0 7. Mit Welpen und heranwachsenden Hunden darf nur nach R\u00fccksprache mit dem Tierarzt trainiert werden, um eventuelle Gesundheitssch\u00e4den zu vermeiden.<\/div>\n<div> Wichtig: Streicheln und loben Sie Ihren Hund beim Training &#8211; das motiviert und schafft Vertrauen.<br \/> \u00a0<br \/> Aufbauanleitung:<br \/> Legen Sie f\u00fcr den Aufbau der H\u00fcrde eine ebene Fl\u00e4che fest, damit Ihr Hund gerade springen kann. Schieben Sie die Halterungen mit gel\u00f6sten Schrauben \u00fcber die Stangen. Stellen Sie die Stangen senkrecht in einem Innenabstand von ca. 120 cm auf, damit die H\u00fcrde locker aufgelegt werden kann. Die Schrauben sollten nur so fest angezogen werden, dass die Halterungen nicht mehr rutschen.<br \/> \u00a0<br \/> \u00a0<br \/> Das Fitnesstraining kann beginnen:<\/div>\n<div>\u00a0\u00a0 1. Fangen Sie das Training mit einer bodennahen Einstellung an. Auf diese Weise wird vermieden, dass ihr Hund unter der H\u00fcrde durchkriecht. Schieben Sie die H\u00fcrde so weit nach unten, das Ihr Hund sie in einer Laufbewegung \u00fcberwinden kann.<br \/> \u00a0\u00a0 2. Wiederholen Sie die einzelnen Trainingsphasen mehrmals, um sicher zu gehen, dass Ihr Hund die Phase verstanden hat und problemlos meistert.<br \/> \u00a0\u00a0 3. Wenn Ihr Hund das Hindernis \u00fcberwindet, sollten Sie ihn anschlie\u00dfend immer ausgiebig loben. Ab und zu k\u00f6nnen Sie ihn mit einem kleinen Snack belohnen.<br \/> \u00a0\u00a0 4. Wenn Sie wenig Erfahrung in der Hundeausbildung haben oder im Verlauf der Hundeausbildung an Wettk\u00e4mpfen teilnehmen m\u00f6chten, ist es sinnvoll zus\u00e4tzlich in einer Hundeschule oder einem Hundesportverein zu trainieren. So k\u00f6nnen Sie eventuelle Trainingsfehler vermeiden oder Tipps von einem erfahrenen Ausbilder erhalten.<\/div>\n<div>\u00a0<br \/> Die Trainingsphasen:<br \/> Die erste Trainingsphase k\u00f6nnen Sie mit einer Leine oder mit einer zweiten Person beginnen:<br \/> \u00a0<br \/> Mit Leine: Stellen Sie sich mit Ihrem angeleinten Hund vor die H\u00fcrde. Laufen Sie nun zusammen mit ihm \u00fcber das Hindernis oder laufen Sie seitlich an dem Hindernis vorbei, w\u00e4hrend Ihr Hund alleine die H\u00fcrde \u00fcberwindet.<br \/> \u00a0<br \/> Mit einer zweiter Person: Die Hilfsperson steht mit Ihrem Hund vor der H\u00fcrde. Sie stellen sich hinter die H\u00fcrde und locken ihn mit einem Spielzeug oder Snack, so dass er auf Sie zul\u00e4uft.<br \/> \u00a0<br \/> Klappt das nach mehreren Versuchen problemlos, k\u00f6nnen Sie die erste Trainingsphase perfektionieren, indem Sie ohne die Hilfsperson weitermachen bzw. die Leine weglassen.<br \/> Wenn Ihr Hund auch das erfolgreich meistert, k\u00f6nnen Sie mit der zweiten Trainingsphase beginnen. Stellen Sie sich daf\u00fcr mit Ihrem Hund vor die H\u00fcrde, zeigen darauf und laufen Sie mit ihrem Hund auf die H\u00fcrde zu. Verwenden Sie vor dem Sprung ein Kommando, wie z. B. &#8222;Hopp&#8220; oder &#8222;Spring&#8220;.<br \/> \u00a0<br \/> F\u00fcr die dritte Trainingsphase entfernen Sie sich zusammen mit Ihrem Hund einige Meter von der H\u00fcrde. Laufen Sie zusammen mit ihm auf das Hindernis zu. Geben Sie das Kommando zum Springen, w\u00e4hrend Ihr Hund \u00fcber die H\u00fcrde springt und Sie neben dem Hindernis vorbeilaufen. Um das Training etwas zu erschweren, k\u00f6nnen Sie die H\u00fcrde zwischendurch etwas h\u00f6her einstellen und die Geschwindigkeit steigern.<br \/> \u00a0<br \/> Wenn Ihr Hund viel Spa\u00df am Training mit der H\u00fcrde hat, k\u00f6nnen Sie ihn durch einen Reifen(Art.-Nr. 3208-TRXI) neu herausfordern. Hierbei handelt es sich um ein Agility-Ger\u00e4t, mit dem Ihr Hund pr\u00e4zisere Spr\u00fcnge \u00fcben kann.<\/div>\n","protected":false},"excerpt":{"rendered":"<p>Mit dieser Agility-H\u00fcrde schaffen Sie f\u00fcr Ihren Hund ein abwechslungsreiches Fitnessprogramm. Die Bewegung h\u00e4lt den Hund fit und sorgt f\u00fcr ein gesundes sowie langes Leben. Die Stange wird nur lose aufgelegt, damit der Hund sich nicht verletzen kann. Details: &#8211; schaffen Sie Ihrem Hund ein abwechslungsreiches Fitnessprogramm &#8211; Bewegung h\u00e4lt Ihren Hund fit und sorgt [&hellip;]<\/p>\n","protected":false},"featured_media":25998,"comment_status":"closed","ping_status":"open","template":"","meta":[],"product_cat":[13836],"product_tag":[],"class_list":{"0":"post-45763","1":"product","2":"type-product","3":"status-publish","4":"has-post-thumbnail","6":"product_cat-agility-training-hundespielzeug-sport","8":"first","9":"instock","10":"taxable","11":"shipping-taxable","12":"purchasable","13":"product-type-simple"},"_links":{"self":[{"href":"https:\/\/all-pets.de\/shop\/wp-json\/wp\/v2\/product\/45763","targetHints":{"allow":["GET"]}}],"collection":[{"href":"https:\/\/all-pets.de\/shop\/wp-json\/wp\/v2\/product"}],"about":[{"href":"https:\/\/all-pets.de\/shop\/wp-json\/wp\/v2\/types\/product"}],"replies":[{"embeddable":true,"href":"https:\/\/all-pets.de\/shop\/wp-json\/wp\/v2\/comments?post=45763"}],"wp:featuredmedia":[{"embeddable":true,"href":"https:\/\/all-pets.de\/shop\/wp-json\/wp\/v2\/media\/25998"}],"wp:attachment":[{"href":"https:\/\/all-pets.de\/shop\/wp-json\/wp\/v2\/media?parent=45763"}],"wp:term":[{"taxonomy":"product_cat","embeddable":true,"href":"https:\/\/all-pets.de\/shop\/wp-json\/wp\/v2\/product_cat?post=45763"},{"taxonomy":"product_tag","embeddable":true,"href":"https:\/\/all-pets.de\/shop\/wp-json\/wp\/v2\/product_tag?post=45763"}],"curies":[{"name":"wp","href":"https:\/\/api.w.org\/{rel}","templated":true}]}}