{"id":45764,"date":"2023-12-12T10:49:43","date_gmt":"2023-12-12T09:49:43","guid":{"rendered":"https:\/\/pet-shopping.de\/shop\/produkt\/trixie-agility-ring\/"},"modified":"2023-12-12T10:49:45","modified_gmt":"2023-12-12T09:49:45","slug":"trixie-agility-ring","status":"publish","type":"product","link":"https:\/\/all-pets.de\/shop\/produkt\/trixie-agility-ring\/","title":{"rendered":"Trixie Agility Ring"},"content":{"rendered":"<ul>\n<li>H\u00f6he stufenlos verstellbar<\/li>\n<li>durch Klettb\u00e4nder leicht zu fixieren<\/li>\n<li>bestehend aus 2 St\u00e4ndern, 1 Ring, 2 Querstreben, 4 Auflagen und Fixierungen<\/li>\n<li>schneller Auf- und Abbau durch Schnellspannverschl\u00fcsse<\/li>\n<li>mit Transporttasche<\/li>\n<li>Kunststoff<\/li>\n<li>inkl. Trainingsanleitung<\/li>\n<li>Ma\u00dfe: ca. 115 x \u00f8 3 cm, \u00f8 65 cm<\/li>\n<li>Farbe: blau\/orange<\/li>\n<\/ul>\n","protected":false},"excerpt":{"rendered":"<p>H\u00f6he stufenlos verstellbar durch Klettb\u00e4nder leicht zu fixieren bestehend aus 2 St\u00e4ndern, 1 Ring, 2 Querstreben, 4 Auflagen und Fixierungen schneller Auf- und Abbau durch Schnellspannverschl\u00fcsse mit Transporttasche Kunststoff inkl. Trainingsanleitung Ma\u00dfe: ca. 115 x \u00f8 3 cm, \u00f8 65 cm Farbe: blau\/orange<\/p>\n","protected":false},"featured_media":45765,"comment_status":"closed","ping_status":"open","template":"","meta":[],"product_cat":[13836],"product_tag":[],"class_list":{"0":"post-45764","1":"product","2":"type-product","3":"status-publish","4":"has-post-thumbnail","6":"product_cat-agility-training-hundespielzeug-sport","8":"first","9":"instock","10":"taxable","11":"shipping-taxable","12":"purchasable","13":"product-type-simple"},"_links":{"self":[{"href":"https:\/\/all-pets.de\/shop\/wp-json\/wp\/v2\/product\/45764","targetHints":{"allow":["GET"]}}],"collection":[{"href":"https:\/\/all-pets.de\/shop\/wp-json\/wp\/v2\/product"}],"about":[{"href":"https:\/\/all-pets.de\/shop\/wp-json\/wp\/v2\/types\/product"}],"replies":[{"embeddable":true,"href":"https:\/\/all-pets.de\/shop\/wp-json\/wp\/v2\/comments?post=45764"}],"wp:featuredmedia":[{"embeddable":true,"href":"https:\/\/all-pets.de\/shop\/wp-json\/wp\/v2\/media\/45765"}],"wp:attachment":[{"href":"https:\/\/all-pets.de\/shop\/wp-json\/wp\/v2\/media?parent=45764"}],"wp:term":[{"taxonomy":"product_cat","embeddable":true,"href":"https:\/\/all-pets.de\/shop\/wp-json\/wp\/v2\/product_cat?post=45764"},{"taxonomy":"product_tag","embeddable":true,"href":"https:\/\/all-pets.de\/shop\/wp-json\/wp\/v2\/product_tag?post=45764"}],"curies":[{"name":"wp","href":"https:\/\/api.w.org\/{rel}","templated":true}]}}