{"id":45767,"date":"2023-12-12T10:49:51","date_gmt":"2023-12-12T09:49:51","guid":{"rendered":"https:\/\/pet-shopping.de\/shop\/produkt\/trixie-agility-tunnel-fuer-kleine-hunde-welpen\/"},"modified":"2023-12-12T10:49:51","modified_gmt":"2023-12-12T09:49:51","slug":"trixie-agility-tunnel-fuer-kleine-hunde-welpen","status":"publish","type":"product","link":"https:\/\/all-pets.de\/shop\/produkt\/trixie-agility-tunnel-fuer-kleine-hunde-welpen\/","title":{"rendered":"Trixie Agility Tunnel f\u00fcr kleine Hunde \/ Welpen"},"content":{"rendered":"<p>Dieser Agility Tunnel eignet sich ideal f\u00fcr kleine Hunde und Welpen. Er sorgt f\u00fcr ein abwechslungsreiches Fitnessprogramm und h\u00e4lt den Hund gesund und fit. Das gemeinsame Spielen vertieft die Beziehung zwischen Hund und Halter und schafft Vertrauen. Der Tunnel kann schnell auf- und wieder abgebaut werden. Tipps zum Fitnesstraining und zur optimalen Anwendung liegen dem Artikel bei. F\u00fcr einen praktischen Transport wird der Artikel mit einer Nylontasche geliefert. Er ist so auch Platz sparend zu verstauen.<\/p>\n<p> Details:<\/p>\n<p> &#8211; schaffen Sie Ihrem Hund ein abwechslungsreiches Fitnessprogramm<br \/> &#8211; Bewegung h\u00e4lt Ihren Hund fit und sorgt f\u00fcr ein gesundes und langes Leben<br \/> &#8211; das gemeinsame Spielen vertieft die Beziehung und schafft Vertrauen<br \/> &#8211; f\u00fcr drinnen und drau\u00dfen geeignet<br \/> &#8211; aus robustem Nylonmaterial<br \/> &#8211; mit Tipps zum Fitnesstraining und zur optimalen Anwendung<br \/> &#8211; Ma\u00dfe: 40 cm Durchmesser \/ 2 m L\u00e4nge<br \/> &#8211; Farbe: Blau<\/p>\n<p> Allgemeine Hinweise:<\/p>\n<p> \u00a0\u00a0 1. Vor dem Sport sollte sich Ihr Hund immer Aufw\u00e4rmen (etwas laufen oder mit leichten \u00dcbungen beginnen).<br \/> \u00a0\u00a0 2. Nie mit vollem Magen trainieren oder gleich nach dem Training f\u00fcttern. Leichte Snacks zur Belohnung sind erlaubt.<br \/> \u00a0\u00a0 3. Steigern Sie die Anforderungen an Ihren Hund nur langsam, damit er nicht \u00fcberfordert wird.<br \/> \u00a0\u00a0 4. Passen Sie den Sport Ihrem Hund an und beachten Sie dabei Rasse, Alter, Talent und Gr\u00f6\u00dfe Ihres Hundes.<br \/> \u00a0\u00a0 5. Gew\u00e4hren Sie w\u00e4hrend des Trainings ausreichend Pausen, damit Ihr Hund nicht \u00fcberfordert wird und die Freude erhalten bleibt. Stellen Sie immer einen Napf mit Wasser bereit und lassen Sie ihn nach dem Trinken kurz verschnaufen.<br \/> \u00a0\u00a0 6. Beachten Sie, dass das Training immer mit einer positiven Erfahrung beendet werden sollte. \u00a0<\/p>\n<p> Wichtig: Streicheln und Loben Sie Ihren Hund beim Training &#8211; das motiviert und schafft Vertrauen.<\/p>\n<p> Das Fitnesstraining kann beginnen:<br \/> Wenn Ihr Hund das Training mit dem Tunnel nicht kennt, sollten Sie den Tunnel beim ersten Aufbau vorerst in der L\u00e4nge von ca. 1 m gerade aufbauen. Befestigen Sie ihn immer mit den beiliegenden Bodenankern, damit der Tunnel nicht wegrollen kann.<\/p>\n<p> Die Trainingsphasen:<br \/> Die ersten beiden Trainingsphasen sollten immer mit einer zweiten Person durchgef\u00fchrt werden. Diese Person steht am Anfang des Tunnels und passt auf, dass der Hund ebenfalls dort stehen bleibt. Sie gehen an das andere Ende und schauen durch die Tunnel\u00f6ffnung und rufen ihn mit einem Kommando: z. B. Tunnel. Wenn Ihr Hund durchgelaufen ist, sollten Sie ihn immer loben und zwischendurch mit einem kleinen Leckerlie belohnen.<\/p>\n<p> L\u00e4uft Ihr Hund problemlos durch und hat keine Scheu, k\u00f6nnen Sie die zweite Trainingsphase beginnen: Ziehen Sie den Tunnel weiter auseinander. Sollte auch das funktionieren, k\u00f6nnen Sie Ihren Hund nach einigen Wiederholungen neu herausfordern, in dem Sie den Tunnel auch mal gebogen aufstellen.<\/p>\n<p> Perfektionieren Sie das Training, indem Sie Ihren Hund nicht mehr hineinschicken lassen und am anderen Ende rufen, sondern zusammen mit ihm laufen: Ihr Hund durch den Tunnel und Sie nebenher. Motivieren Sie ihn durch eine Belohung am Tunnelende und werfen Sie ein Spielzeug. Das f\u00f6rdert die Fitness und die Schnelligkeit.<\/p>\n<p> Wenn Ihr Hund viel Spa\u00df an dem Training mit dem Agility-Tunnel hat, k\u00f6nnen Sie ihn durch einen so genannten Sacktunnel neu herausfordern. Hierbei handelt es sich um ein Agility-Ger\u00e4t, das auf der einen Seite ein Tunnel ist und auf der anderen Seite keine weitere Verst\u00e4rkung hat, sondern der Stoff nun herunter h\u00e4ngt: es ist also kein Ausgang zu sehen. <\/p>\n","protected":false},"excerpt":{"rendered":"<p>Dieser Agility Tunnel eignet sich ideal f\u00fcr kleine Hunde und Welpen. Er sorgt f\u00fcr ein abwechslungsreiches Fitnessprogramm und h\u00e4lt den Hund gesund und fit. Das gemeinsame Spielen vertieft die Beziehung zwischen Hund und Halter und schafft Vertrauen. Der Tunnel kann schnell auf- und wieder abgebaut werden. Tipps zum Fitnesstraining und zur optimalen Anwendung liegen dem [&hellip;]<\/p>\n","protected":false},"featured_media":26000,"comment_status":"closed","ping_status":"open","template":"","meta":[],"product_cat":[13836],"product_tag":[],"class_list":{"0":"post-45767","1":"product","2":"type-product","3":"status-publish","4":"has-post-thumbnail","6":"product_cat-agility-training-hundespielzeug-sport","8":"first","9":"instock","10":"taxable","11":"shipping-taxable","12":"purchasable","13":"product-type-simple"},"_links":{"self":[{"href":"https:\/\/all-pets.de\/shop\/wp-json\/wp\/v2\/product\/45767","targetHints":{"allow":["GET"]}}],"collection":[{"href":"https:\/\/all-pets.de\/shop\/wp-json\/wp\/v2\/product"}],"about":[{"href":"https:\/\/all-pets.de\/shop\/wp-json\/wp\/v2\/types\/product"}],"replies":[{"embeddable":true,"href":"https:\/\/all-pets.de\/shop\/wp-json\/wp\/v2\/comments?post=45767"}],"wp:featuredmedia":[{"embeddable":true,"href":"https:\/\/all-pets.de\/shop\/wp-json\/wp\/v2\/media\/26000"}],"wp:attachment":[{"href":"https:\/\/all-pets.de\/shop\/wp-json\/wp\/v2\/media?parent=45767"}],"wp:term":[{"taxonomy":"product_cat","embeddable":true,"href":"https:\/\/all-pets.de\/shop\/wp-json\/wp\/v2\/product_cat?post=45767"},{"taxonomy":"product_tag","embeddable":true,"href":"https:\/\/all-pets.de\/shop\/wp-json\/wp\/v2\/product_tag?post=45767"}],"curies":[{"name":"wp","href":"https:\/\/api.w.org\/{rel}","templated":true}]}}