{"id":45768,"date":"2023-12-12T10:49:51","date_gmt":"2023-12-12T09:49:51","guid":{"rendered":"https:\/\/pet-shopping.de\/shop\/produkt\/trixie-agility-tunnel-fuer-mittlere-groessere-hunde\/"},"modified":"2023-12-12T10:49:51","modified_gmt":"2023-12-12T09:49:51","slug":"trixie-agility-tunnel-fuer-mittlere-groessere-hunde","status":"publish","type":"product","link":"https:\/\/all-pets.de\/shop\/produkt\/trixie-agility-tunnel-fuer-mittlere-groessere-hunde\/","title":{"rendered":"Trixie Agility Tunnel f\u00fcr mittlere\/gr\u00f6\u00dfere Hunde"},"content":{"rendered":"<ul>\n<li>f\u00fcr drinnen und drau\u00dfen geeignet<\/li>\n<li>verringertes Verletzungsrisiko durch Tunnel Bags<\/li>\n<li>erm\u00f6glicht unterschiedliche Aufbau-Varianten (z. B. U-Form)<\/li>\n<li>mit Transporttasche<\/li>\n<li>aus strapazierf\u00e4higem Polyester<\/li>\n<li>inkl. Trainingsanleitung<\/li>\n<li>Durchmesser: ca. 60 cm<\/li>\n<li>L\u00e4nge: ca. 5 m<\/li>\n<li>Farbe: Blau<\/li>\n<\/ul>\n","protected":false},"excerpt":{"rendered":"<p>f\u00fcr drinnen und drau\u00dfen geeignet verringertes Verletzungsrisiko durch Tunnel Bags erm\u00f6glicht unterschiedliche Aufbau-Varianten (z. B. U-Form) mit Transporttasche aus strapazierf\u00e4higem Polyester inkl. Trainingsanleitung Durchmesser: ca. 60 cm L\u00e4nge: ca. 5 m Farbe: Blau<\/p>\n","protected":false},"featured_media":26002,"comment_status":"closed","ping_status":"open","template":"","meta":[],"product_cat":[13836],"product_tag":[],"class_list":{"0":"post-45768","1":"product","2":"type-product","3":"status-publish","4":"has-post-thumbnail","6":"product_cat-agility-training-hundespielzeug-sport","8":"first","9":"instock","10":"taxable","11":"shipping-taxable","12":"purchasable","13":"product-type-simple"},"_links":{"self":[{"href":"https:\/\/all-pets.de\/shop\/wp-json\/wp\/v2\/product\/45768","targetHints":{"allow":["GET"]}}],"collection":[{"href":"https:\/\/all-pets.de\/shop\/wp-json\/wp\/v2\/product"}],"about":[{"href":"https:\/\/all-pets.de\/shop\/wp-json\/wp\/v2\/types\/product"}],"replies":[{"embeddable":true,"href":"https:\/\/all-pets.de\/shop\/wp-json\/wp\/v2\/comments?post=45768"}],"wp:featuredmedia":[{"embeddable":true,"href":"https:\/\/all-pets.de\/shop\/wp-json\/wp\/v2\/media\/26002"}],"wp:attachment":[{"href":"https:\/\/all-pets.de\/shop\/wp-json\/wp\/v2\/media?parent=45768"}],"wp:term":[{"taxonomy":"product_cat","embeddable":true,"href":"https:\/\/all-pets.de\/shop\/wp-json\/wp\/v2\/product_cat?post=45768"},{"taxonomy":"product_tag","embeddable":true,"href":"https:\/\/all-pets.de\/shop\/wp-json\/wp\/v2\/product_tag?post=45768"}],"curies":[{"name":"wp","href":"https:\/\/api.w.org\/{rel}","templated":true}]}}