{"id":45774,"date":"2023-12-12T10:49:51","date_gmt":"2023-12-12T09:49:51","guid":{"rendered":"https:\/\/pet-shopping.de\/shop\/produkt\/trixie-baggy-belt-hueftgurt\/"},"modified":"2023-12-12T10:49:52","modified_gmt":"2023-12-12T09:49:52","slug":"trixie-baggy-belt-hueftgurt","status":"publish","type":"product","link":"https:\/\/all-pets.de\/shop\/produkt\/trixie-baggy-belt-hueftgurt\/","title":{"rendered":"Trixie Baggy Belt H\u00fcftgurt"},"content":{"rendered":"<p>Die H\u00fcfttasche Baggy Belt ist der ideale Begleiter f\u00fcr Ausfl\u00fcge mit dem Hund. Mit dem Baggy Belt haben Sie beide H\u00e4nde frei, um sich voll und ganz Ihrem Vierbeiner zu widmen. <\/p>\n<p>Die Tasche ist aus strapazierf\u00e4higem Nylonmaterial und somit einfach und hygienisch zu reinigen. Sie beinhaltet eine spezielle Handytasche und eine gro\u00dfe Bauchtasche. Zus\u00e4tzlich ist noch eine kleine formstabile Tasche f\u00fcr wichtige Kleinigkeiten vorhanden. Von Spielzeug bis Leckerlis ist alles ohne Probleme zu verstauen und durch Klett- und Rei\u00dfverschl\u00fcsse ist die Aufbewahrung gesichert. Seitlich ist ein D-Ring zum Befestigen von Schl\u00fcsselbund etc. montiert. <\/p>\n<p>Ma\u00dfe der Tasche: ca. 17 x 12 x 7 cm<br \/> Bauchgurt verstellbar von ca. 62 bis 125 cm<br \/> Farbe: Schwarz\/Grau<\/p>\n","protected":false},"excerpt":{"rendered":"<p>Die H\u00fcfttasche Baggy Belt ist der ideale Begleiter f\u00fcr Ausfl\u00fcge mit dem Hund. Mit dem Baggy Belt haben Sie beide H\u00e4nde frei, um sich voll und ganz Ihrem Vierbeiner zu widmen. Die Tasche ist aus strapazierf\u00e4higem Nylonmaterial und somit einfach und hygienisch zu reinigen. Sie beinhaltet eine spezielle Handytasche und eine gro\u00dfe Bauchtasche. Zus\u00e4tzlich ist [&hellip;]<\/p>\n","protected":false},"featured_media":26026,"comment_status":"closed","ping_status":"open","template":"","meta":[],"product_cat":[14174],"product_tag":[],"class_list":{"0":"post-45774","1":"product","2":"type-product","3":"status-publish","4":"has-post-thumbnail","6":"product_cat-funktions-kleidung","8":"first","9":"instock","10":"taxable","11":"shipping-taxable","12":"purchasable","13":"product-type-simple"},"_links":{"self":[{"href":"https:\/\/all-pets.de\/shop\/wp-json\/wp\/v2\/product\/45774","targetHints":{"allow":["GET"]}}],"collection":[{"href":"https:\/\/all-pets.de\/shop\/wp-json\/wp\/v2\/product"}],"about":[{"href":"https:\/\/all-pets.de\/shop\/wp-json\/wp\/v2\/types\/product"}],"replies":[{"embeddable":true,"href":"https:\/\/all-pets.de\/shop\/wp-json\/wp\/v2\/comments?post=45774"}],"wp:featuredmedia":[{"embeddable":true,"href":"https:\/\/all-pets.de\/shop\/wp-json\/wp\/v2\/media\/26026"}],"wp:attachment":[{"href":"https:\/\/all-pets.de\/shop\/wp-json\/wp\/v2\/media?parent=45774"}],"wp:term":[{"taxonomy":"product_cat","embeddable":true,"href":"https:\/\/all-pets.de\/shop\/wp-json\/wp\/v2\/product_cat?post=45774"},{"taxonomy":"product_tag","embeddable":true,"href":"https:\/\/all-pets.de\/shop\/wp-json\/wp\/v2\/product_tag?post=45774"}],"curies":[{"name":"wp","href":"https:\/\/api.w.org\/{rel}","templated":true}]}}