{"id":45775,"date":"2023-12-12T10:49:51","date_gmt":"2023-12-12T09:49:51","guid":{"rendered":"https:\/\/pet-shopping.de\/shop\/produkt\/trixie-snacktasche-baggy-aus-nylon\/"},"modified":"2023-12-12T10:49:52","modified_gmt":"2023-12-12T09:49:52","slug":"trixie-snacktasche-baggy-aus-nylon","status":"publish","type":"product","link":"https:\/\/all-pets.de\/shop\/produkt\/trixie-snacktasche-baggy-aus-nylon\/","title":{"rendered":"Trixie Snacktasche Baggy aus Nylon"},"content":{"rendered":"<p>Diese Tasche besteht aus strapazierf\u00e4higem und wasserabweisendem Nylon und eignet sich optimal zum Transportieren von Leckerlis und anderen Kleinigkeiten w\u00e4hrend langen Spazierg\u00e4ngen, wie z.B. Spielzeug, Schl\u00fcssel, Handy etc. <\/p>\n<p>Die Tasche ist einfach durch ein Zugband verschlie\u00dfbar und au\u00dfen zus\u00e4tzlich mit einem Handyfach, einer Seitentasche und einer kleinen Rei\u00dfverschlusstasche ausgestattet. Ein l\u00e4ngerer Gummiriemen kann bei Bedarf als Schulterriemen dienen, w\u00e4hrend eine Klettverschlusslasche die Befestigung am G\u00fcrtel oder an der G\u00fcrtelschlaufe erm\u00f6glicht. Die Tasche ist einfach zu reinigen.<\/p>\n<p>Farbe: Schwarz\/Grau<br \/> Ma\u00dfe: ca. 10 x 15 cm (Durchmesser x H\u00f6he)<\/p>\n<p>(Der Inhalt der Tasche auf dem Foto ist nicht im Lieferumfang enthalten!)<\/p>\n","protected":false},"excerpt":{"rendered":"<p>Diese Tasche besteht aus strapazierf\u00e4higem und wasserabweisendem Nylon und eignet sich optimal zum Transportieren von Leckerlis und anderen Kleinigkeiten w\u00e4hrend langen Spazierg\u00e4ngen, wie z.B. Spielzeug, Schl\u00fcssel, Handy etc. Die Tasche ist einfach durch ein Zugband verschlie\u00dfbar und au\u00dfen zus\u00e4tzlich mit einem Handyfach, einer Seitentasche und einer kleinen Rei\u00dfverschlusstasche ausgestattet. Ein l\u00e4ngerer Gummiriemen kann bei Bedarf [&hellip;]<\/p>\n","protected":false},"featured_media":26028,"comment_status":"closed","ping_status":"open","template":"","meta":[],"product_cat":[14175],"product_tag":[],"class_list":{"0":"post-45775","1":"product","2":"type-product","3":"status-publish","4":"has-post-thumbnail","6":"product_cat-gurt-und-futtertaschen-erziehung","8":"first","9":"instock","10":"taxable","11":"shipping-taxable","12":"purchasable","13":"product-type-simple"},"_links":{"self":[{"href":"https:\/\/all-pets.de\/shop\/wp-json\/wp\/v2\/product\/45775","targetHints":{"allow":["GET"]}}],"collection":[{"href":"https:\/\/all-pets.de\/shop\/wp-json\/wp\/v2\/product"}],"about":[{"href":"https:\/\/all-pets.de\/shop\/wp-json\/wp\/v2\/types\/product"}],"replies":[{"embeddable":true,"href":"https:\/\/all-pets.de\/shop\/wp-json\/wp\/v2\/comments?post=45775"}],"wp:featuredmedia":[{"embeddable":true,"href":"https:\/\/all-pets.de\/shop\/wp-json\/wp\/v2\/media\/26028"}],"wp:attachment":[{"href":"https:\/\/all-pets.de\/shop\/wp-json\/wp\/v2\/media?parent=45775"}],"wp:term":[{"taxonomy":"product_cat","embeddable":true,"href":"https:\/\/all-pets.de\/shop\/wp-json\/wp\/v2\/product_cat?post=45775"},{"taxonomy":"product_tag","embeddable":true,"href":"https:\/\/all-pets.de\/shop\/wp-json\/wp\/v2\/product_tag?post=45775"}],"curies":[{"name":"wp","href":"https:\/\/api.w.org\/{rel}","templated":true}]}}