{"id":45776,"date":"2023-12-12T10:49:51","date_gmt":"2023-12-12T09:49:51","guid":{"rendered":"https:\/\/pet-shopping.de\/shop\/produkt\/trixie-ekard-lind-long-mot-schwimmend-20-cm\/"},"modified":"2023-12-12T10:49:52","modified_gmt":"2023-12-12T09:49:52","slug":"trixie-ekard-lind-long-mot-schwimmend-20-cm","status":"publish","type":"product","link":"https:\/\/all-pets.de\/shop\/produkt\/trixie-ekard-lind-long-mot-schwimmend-20-cm\/","title":{"rendered":"Trixie Ekard Lind Long-Mot, schwimmend, 20 cm"},"content":{"rendered":"<p>Beim Long-Mot handelt es sich um ein Motivations-Spiel f\u00fcr k\u00f6rpernahe Spiele. Er besteht aus Naturgummi und ist dadurch besonders strapazierf\u00e4hig. <\/p>\n<p>Durch das Band ist er ideal f\u00fcr Konterzugspiele geeignet. <\/p>\n<p>Entwickelt von Prof. Ekard Lind.<\/p>\n<p>Gr\u00f6\u00dfe: ca.\u00a0 20 cm<\/p>\n<p> L\u00e4nge inkl. Band: ca. 33 cm<\/p>\n<p>Diverse Farben &#8211; der Versand erfolgt je nach Lagerbestand<\/p>\n","protected":false},"excerpt":{"rendered":"<p>Beim Long-Mot handelt es sich um ein Motivations-Spiel f\u00fcr k\u00f6rpernahe Spiele. Er besteht aus Naturgummi und ist dadurch besonders strapazierf\u00e4hig. Durch das Band ist er ideal f\u00fcr Konterzugspiele geeignet. Entwickelt von Prof. Ekard Lind. Gr\u00f6\u00dfe: ca.\u00a0 20 cm L\u00e4nge inkl. Band: ca. 33 cm Diverse Farben &#8211; der Versand erfolgt je nach Lagerbestand<\/p>\n","protected":false},"featured_media":26030,"comment_status":"closed","ping_status":"open","template":"","meta":[],"product_cat":[14177],"product_tag":[],"class_list":{"0":"post-45776","1":"product","2":"type-product","3":"status-publish","4":"has-post-thumbnail","6":"product_cat-weitere-spielzeuge-hundespielzeug-sport-agility-traininghundewelt-hundespielzeug-sport-trainings-zubehoerhundewelt-erziehung-hundewelt","8":"first","9":"instock","10":"taxable","11":"shipping-taxable","12":"purchasable","13":"product-type-simple"},"_links":{"self":[{"href":"https:\/\/all-pets.de\/shop\/wp-json\/wp\/v2\/product\/45776","targetHints":{"allow":["GET"]}}],"collection":[{"href":"https:\/\/all-pets.de\/shop\/wp-json\/wp\/v2\/product"}],"about":[{"href":"https:\/\/all-pets.de\/shop\/wp-json\/wp\/v2\/types\/product"}],"replies":[{"embeddable":true,"href":"https:\/\/all-pets.de\/shop\/wp-json\/wp\/v2\/comments?post=45776"}],"wp:featuredmedia":[{"embeddable":true,"href":"https:\/\/all-pets.de\/shop\/wp-json\/wp\/v2\/media\/26030"}],"wp:attachment":[{"href":"https:\/\/all-pets.de\/shop\/wp-json\/wp\/v2\/media?parent=45776"}],"wp:term":[{"taxonomy":"product_cat","embeddable":true,"href":"https:\/\/all-pets.de\/shop\/wp-json\/wp\/v2\/product_cat?post=45776"},{"taxonomy":"product_tag","embeddable":true,"href":"https:\/\/all-pets.de\/shop\/wp-json\/wp\/v2\/product_tag?post=45776"}],"curies":[{"name":"wp","href":"https:\/\/api.w.org\/{rel}","templated":true}]}}