{"id":45782,"date":"2023-12-12T10:49:51","date_gmt":"2023-12-12T09:49:51","guid":{"rendered":"https:\/\/pet-shopping.de\/shop\/produkt\/trixie-baumwoll-spieltau-300-g-37-cm\/"},"modified":"2023-12-12T10:49:53","modified_gmt":"2023-12-12T09:49:53","slug":"trixie-baumwoll-spieltau-300-g-37-cm","status":"publish","type":"product","link":"https:\/\/all-pets.de\/shop\/produkt\/trixie-baumwoll-spieltau-300-g-37-cm\/","title":{"rendered":"Trixie Baumwoll-Spieltau &#8211; 300 g \/ 37 cm"},"content":{"rendered":"<p>Bei diesem Spieltau, aus Baumwollgemisch wird Ihr Liebling gar nicht mehr aufh\u00f6ren wollen zu knabbern. Die Baumwollfasern reinigen spielend die Z\u00e4hne und Zahnzwischenr\u00e4ume. <\/p>\n<p>L\u00e4nge: ca. 37 cm<\/p>\n<p>Diverse Farben. Eine Farbwahl ist leider nicht m\u00f6glich, da die Farbe je nach Lagerbestand gew\u00e4hlt wird.<\/p>\n","protected":false},"excerpt":{"rendered":"<p>Bei diesem Spieltau, aus Baumwollgemisch wird Ihr Liebling gar nicht mehr aufh\u00f6ren wollen zu knabbern. Die Baumwollfasern reinigen spielend die Z\u00e4hne und Zahnzwischenr\u00e4ume. L\u00e4nge: ca. 37 cm Diverse Farben. Eine Farbwahl ist leider nicht m\u00f6glich, da die Farbe je nach Lagerbestand gew\u00e4hlt wird.<\/p>\n","protected":false},"featured_media":26050,"comment_status":"closed","ping_status":"open","template":"","meta":[],"product_cat":[13694],"product_tag":[],"class_list":{"0":"post-45782","1":"product","2":"type-product","3":"status-publish","4":"has-post-thumbnail","6":"product_cat-zahnpflegespielzeug","8":"first","9":"instock","10":"taxable","11":"shipping-taxable","12":"purchasable","13":"product-type-simple"},"_links":{"self":[{"href":"https:\/\/all-pets.de\/shop\/wp-json\/wp\/v2\/product\/45782","targetHints":{"allow":["GET"]}}],"collection":[{"href":"https:\/\/all-pets.de\/shop\/wp-json\/wp\/v2\/product"}],"about":[{"href":"https:\/\/all-pets.de\/shop\/wp-json\/wp\/v2\/types\/product"}],"replies":[{"embeddable":true,"href":"https:\/\/all-pets.de\/shop\/wp-json\/wp\/v2\/comments?post=45782"}],"wp:featuredmedia":[{"embeddable":true,"href":"https:\/\/all-pets.de\/shop\/wp-json\/wp\/v2\/media\/26050"}],"wp:attachment":[{"href":"https:\/\/all-pets.de\/shop\/wp-json\/wp\/v2\/media?parent=45782"}],"wp:term":[{"taxonomy":"product_cat","embeddable":true,"href":"https:\/\/all-pets.de\/shop\/wp-json\/wp\/v2\/product_cat?post=45782"},{"taxonomy":"product_tag","embeddable":true,"href":"https:\/\/all-pets.de\/shop\/wp-json\/wp\/v2\/product_tag?post=45782"}],"curies":[{"name":"wp","href":"https:\/\/api.w.org\/{rel}","templated":true}]}}