{"id":45784,"date":"2023-12-12T10:49:51","date_gmt":"2023-12-12T09:49:51","guid":{"rendered":"https:\/\/pet-shopping.de\/shop\/produkt\/trixie-dentafun-naturgummi-ball-am-tau-7-cm\/"},"modified":"2023-12-12T10:49:53","modified_gmt":"2023-12-12T09:49:53","slug":"trixie-dentafun-naturgummi-ball-am-tau-7-cm","status":"publish","type":"product","link":"https:\/\/all-pets.de\/shop\/produkt\/trixie-dentafun-naturgummi-ball-am-tau-7-cm\/","title":{"rendered":"Trixie DENTAfun Naturgummi-Ball am Tau &#8211; 7 cm"},"content":{"rendered":"<ul>\n<li>Ball aus Naturgummi<\/li>\n<li>Baumwollgemisch<\/li>\n<li>massiert das Zahnfleisch<\/li>\n<li>mit Mintgeschmack<\/li>\n<li>mit Handschlaufe<\/li>\n<\/ul>\n<p>Gr\u00f6\u00dfe: ca. 7 cm<\/p>\n<p>Schlaufenl\u00e4nge: ca. 24 cm<\/p>\n","protected":false},"excerpt":{"rendered":"<p>Ball aus Naturgummi Baumwollgemisch massiert das Zahnfleisch mit Mintgeschmack mit Handschlaufe Gr\u00f6\u00dfe: ca. 7 cm Schlaufenl\u00e4nge: ca. 24 cm<\/p>\n","protected":false},"featured_media":26064,"comment_status":"closed","ping_status":"open","template":"","meta":[],"product_cat":[],"product_tag":[],"class_list":{"0":"post-45784","1":"product","2":"type-product","3":"status-publish","4":"has-post-thumbnail","7":"first","8":"instock","9":"taxable","10":"shipping-taxable","11":"purchasable","12":"product-type-simple"},"_links":{"self":[{"href":"https:\/\/all-pets.de\/shop\/wp-json\/wp\/v2\/product\/45784","targetHints":{"allow":["GET"]}}],"collection":[{"href":"https:\/\/all-pets.de\/shop\/wp-json\/wp\/v2\/product"}],"about":[{"href":"https:\/\/all-pets.de\/shop\/wp-json\/wp\/v2\/types\/product"}],"replies":[{"embeddable":true,"href":"https:\/\/all-pets.de\/shop\/wp-json\/wp\/v2\/comments?post=45784"}],"wp:featuredmedia":[{"embeddable":true,"href":"https:\/\/all-pets.de\/shop\/wp-json\/wp\/v2\/media\/26064"}],"wp:attachment":[{"href":"https:\/\/all-pets.de\/shop\/wp-json\/wp\/v2\/media?parent=45784"}],"wp:term":[{"taxonomy":"product_cat","embeddable":true,"href":"https:\/\/all-pets.de\/shop\/wp-json\/wp\/v2\/product_cat?post=45784"},{"taxonomy":"product_tag","embeddable":true,"href":"https:\/\/all-pets.de\/shop\/wp-json\/wp\/v2\/product_tag?post=45784"}],"curies":[{"name":"wp","href":"https:\/\/api.w.org\/{rel}","templated":true}]}}