{"id":45788,"date":"2023-12-12T10:49:51","date_gmt":"2023-12-12T09:49:51","guid":{"rendered":"https:\/\/pet-shopping.de\/shop\/produkt\/trixie-moosgummiball-am-seil-6-cm-1-m\/"},"modified":"2023-12-12T10:49:53","modified_gmt":"2023-12-12T09:49:53","slug":"trixie-moosgummiball-am-seil-6-cm-1-m","status":"publish","type":"product","link":"https:\/\/all-pets.de\/shop\/produkt\/trixie-moosgummiball-am-seil-6-cm-1-m\/","title":{"rendered":"Trixie Moosgummiball am Seil &#8211; 6 cm \/ 1 m"},"content":{"rendered":"<p>Dieses Wurfspielzeug in form eines Fu\u00dfballs besteht aus Moosgummi.dies hat den Vorteil, dass es den Z\u00e4hnen des Hundes nachgibt und so dasVerletzungsrisiko minimiert.<\/p>\n<p>Durch das Seil ist der ist der Ball besonders leicht zu werfen und sorgt so f\u00fcr jede menge Spielspa\u00df mit Ihrem Hund.<\/p>\n<p>Der Ball ist auch f\u00fcr das Spielen am Wasser bestens geeignet, da er schwimmf\u00e4hig ist.<\/p>\n<p>Seill\u00e4nge: ca. 100 cm<\/p>\n<p>Balldurchmesser: ca. 6 cm <\/p>\n","protected":false},"excerpt":{"rendered":"<p>Dieses Wurfspielzeug in form eines Fu\u00dfballs besteht aus Moosgummi.dies hat den Vorteil, dass es den Z\u00e4hnen des Hundes nachgibt und so dasVerletzungsrisiko minimiert. Durch das Seil ist der ist der Ball besonders leicht zu werfen und sorgt so f\u00fcr jede menge Spielspa\u00df mit Ihrem Hund. Der Ball ist auch f\u00fcr das Spielen am Wasser bestens [&hellip;]<\/p>\n","protected":false},"featured_media":26087,"comment_status":"closed","ping_status":"open","template":"","meta":[],"product_cat":[14187],"product_tag":[],"class_list":{"0":"post-45788","1":"product","2":"type-product","3":"status-publish","4":"has-post-thumbnail","6":"product_cat-aqua-spielzeug-hundespielzeug-sport-hundewurfspielzeughundewelt-hundespielzeug-sport-hundebaellehundewelt","8":"first","9":"instock","10":"taxable","11":"shipping-taxable","12":"purchasable","13":"product-type-simple"},"_links":{"self":[{"href":"https:\/\/all-pets.de\/shop\/wp-json\/wp\/v2\/product\/45788","targetHints":{"allow":["GET"]}}],"collection":[{"href":"https:\/\/all-pets.de\/shop\/wp-json\/wp\/v2\/product"}],"about":[{"href":"https:\/\/all-pets.de\/shop\/wp-json\/wp\/v2\/types\/product"}],"replies":[{"embeddable":true,"href":"https:\/\/all-pets.de\/shop\/wp-json\/wp\/v2\/comments?post=45788"}],"wp:featuredmedia":[{"embeddable":true,"href":"https:\/\/all-pets.de\/shop\/wp-json\/wp\/v2\/media\/26087"}],"wp:attachment":[{"href":"https:\/\/all-pets.de\/shop\/wp-json\/wp\/v2\/media?parent=45788"}],"wp:term":[{"taxonomy":"product_cat","embeddable":true,"href":"https:\/\/all-pets.de\/shop\/wp-json\/wp\/v2\/product_cat?post=45788"},{"taxonomy":"product_tag","embeddable":true,"href":"https:\/\/all-pets.de\/shop\/wp-json\/wp\/v2\/product_tag?post=45788"}],"curies":[{"name":"wp","href":"https:\/\/api.w.org\/{rel}","templated":true}]}}