{"id":45789,"date":"2023-12-12T10:49:51","date_gmt":"2023-12-12T09:49:51","guid":{"rendered":"https:\/\/pet-shopping.de\/shop\/produkt\/trixie-greifer-aus-naturgummi-14-cm\/"},"modified":"2023-12-12T10:49:53","modified_gmt":"2023-12-12T09:49:53","slug":"trixie-greifer-aus-naturgummi-14-cm","status":"publish","type":"product","link":"https:\/\/all-pets.de\/shop\/produkt\/trixie-greifer-aus-naturgummi-14-cm\/","title":{"rendered":"Trixie Greifer aus Naturgummi &#8211; 14 cm"},"content":{"rendered":"<p>Dieses Spielzeug besteht aus weichem Naturgummi. Die speziellen Noppen reinigen die Z\u00e4hne und Zahnzwischenr\u00e4ume Ihres Hundes auf spielerische Weise und beugen somit Zahnstein und Zahnbelag vor. Gleichzeitig wird das Zahnfleisch sanft massiert.<\/p>\n<p>Das Spelzeug eignet sich Ideal zum Werfen oder f\u00fcr Zerrspiele. <\/p>\n<p>Gr\u00f6\u00dfe: ca. 14 cm <\/p>\n<p>Diverse Farben<\/p>\n<p><font size=\"1\">(Eine Farbwahl ist leider nicht m\u00f6glich, da die Farbe je nach Lagerbestand gew\u00e4hlt wird.)<\/font> <\/p>\n","protected":false},"excerpt":{"rendered":"<p>Dieses Spielzeug besteht aus weichem Naturgummi. Die speziellen Noppen reinigen die Z\u00e4hne und Zahnzwischenr\u00e4ume Ihres Hundes auf spielerische Weise und beugen somit Zahnstein und Zahnbelag vor. Gleichzeitig wird das Zahnfleisch sanft massiert. Das Spelzeug eignet sich Ideal zum Werfen oder f\u00fcr Zerrspiele. Gr\u00f6\u00dfe: ca. 14 cm Diverse Farben (Eine Farbwahl ist leider nicht m\u00f6glich, da [&hellip;]<\/p>\n","protected":false},"featured_media":26092,"comment_status":"closed","ping_status":"open","template":"","meta":[],"product_cat":[14190],"product_tag":[],"class_list":{"0":"post-45789","1":"product","2":"type-product","3":"status-publish","4":"has-post-thumbnail","6":"product_cat-hundewurfspielzeug-hundespielzeug-sport-zahnpflegespielzeughundewelt-hundespielzeug-sport-weitere-spielzeugehundewelt","8":"first","9":"instock","10":"taxable","11":"shipping-taxable","12":"purchasable","13":"product-type-simple"},"_links":{"self":[{"href":"https:\/\/all-pets.de\/shop\/wp-json\/wp\/v2\/product\/45789","targetHints":{"allow":["GET"]}}],"collection":[{"href":"https:\/\/all-pets.de\/shop\/wp-json\/wp\/v2\/product"}],"about":[{"href":"https:\/\/all-pets.de\/shop\/wp-json\/wp\/v2\/types\/product"}],"replies":[{"embeddable":true,"href":"https:\/\/all-pets.de\/shop\/wp-json\/wp\/v2\/comments?post=45789"}],"wp:featuredmedia":[{"embeddable":true,"href":"https:\/\/all-pets.de\/shop\/wp-json\/wp\/v2\/media\/26092"}],"wp:attachment":[{"href":"https:\/\/all-pets.de\/shop\/wp-json\/wp\/v2\/media?parent=45789"}],"wp:term":[{"taxonomy":"product_cat","embeddable":true,"href":"https:\/\/all-pets.de\/shop\/wp-json\/wp\/v2\/product_cat?post=45789"},{"taxonomy":"product_tag","embeddable":true,"href":"https:\/\/all-pets.de\/shop\/wp-json\/wp\/v2\/product_tag?post=45789"}],"curies":[{"name":"wp","href":"https:\/\/api.w.org\/{rel}","templated":true}]}}