{"id":45792,"date":"2023-12-12T10:49:55","date_gmt":"2023-12-12T09:49:55","guid":{"rendered":"https:\/\/pet-shopping.de\/shop\/produkt\/trixie-jumper-aus-naturgummi-8-cm\/"},"modified":"2023-12-12T10:49:56","modified_gmt":"2023-12-12T09:49:56","slug":"trixie-jumper-aus-naturgummi-8-cm","status":"publish","type":"product","link":"https:\/\/all-pets.de\/shop\/produkt\/trixie-jumper-aus-naturgummi-8-cm\/","title":{"rendered":"Trixie Jumper aus Naturgummi &#8211; 8 cm"},"content":{"rendered":"<p>Der Trixie Jumper aus Naturgummi ist durch sein Material besonder robust und strapazierf\u00e4hig. Dadurch sorgt er f\u00fcr langanhaltenden Spielspa\u00df f\u00fcr Sie und Ihren Hund.<\/p>\n<p>Gr\u00f6\u00dfe: ca. 8 cm<\/p>\n<p>Diverse Farben<\/p>\n<p><font size=\"1\">(Eine Farbwahl ist leider nicht m\u00f6glich. Die Farbe wird je nach Lagerbestand gew\u00e4hlt.)<\/font> <\/p>\n","protected":false},"excerpt":{"rendered":"<p>Der Trixie Jumper aus Naturgummi ist durch sein Material besonder robust und strapazierf\u00e4hig. Dadurch sorgt er f\u00fcr langanhaltenden Spielspa\u00df f\u00fcr Sie und Ihren Hund. Gr\u00f6\u00dfe: ca. 8 cm Diverse Farben (Eine Farbwahl ist leider nicht m\u00f6glich. Die Farbe wird je nach Lagerbestand gew\u00e4hlt.)<\/p>\n","protected":false},"featured_media":26107,"comment_status":"closed","ping_status":"open","template":"","meta":[],"product_cat":[13874],"product_tag":[],"class_list":{"0":"post-45792","1":"product","2":"type-product","3":"status-publish","4":"has-post-thumbnail","6":"product_cat-hundewurfspielzeug-hundespielzeug-sport-weitere-spielzeugehundewelt","8":"first","9":"instock","10":"taxable","11":"shipping-taxable","12":"purchasable","13":"product-type-simple"},"_links":{"self":[{"href":"https:\/\/all-pets.de\/shop\/wp-json\/wp\/v2\/product\/45792","targetHints":{"allow":["GET"]}}],"collection":[{"href":"https:\/\/all-pets.de\/shop\/wp-json\/wp\/v2\/product"}],"about":[{"href":"https:\/\/all-pets.de\/shop\/wp-json\/wp\/v2\/types\/product"}],"replies":[{"embeddable":true,"href":"https:\/\/all-pets.de\/shop\/wp-json\/wp\/v2\/comments?post=45792"}],"wp:featuredmedia":[{"embeddable":true,"href":"https:\/\/all-pets.de\/shop\/wp-json\/wp\/v2\/media\/26107"}],"wp:attachment":[{"href":"https:\/\/all-pets.de\/shop\/wp-json\/wp\/v2\/media?parent=45792"}],"wp:term":[{"taxonomy":"product_cat","embeddable":true,"href":"https:\/\/all-pets.de\/shop\/wp-json\/wp\/v2\/product_cat?post=45792"},{"taxonomy":"product_tag","embeddable":true,"href":"https:\/\/all-pets.de\/shop\/wp-json\/wp\/v2\/product_tag?post=45792"}],"curies":[{"name":"wp","href":"https:\/\/api.w.org\/{rel}","templated":true}]}}