{"id":45794,"date":"2023-12-12T10:49:55","date_gmt":"2023-12-12T09:49:55","guid":{"rendered":"https:\/\/pet-shopping.de\/shop\/produkt\/trixie-naturgummiball-am-band-schwimmend-7-cm\/"},"modified":"2023-12-12T10:49:56","modified_gmt":"2023-12-12T09:49:56","slug":"trixie-naturgummiball-am-band-schwimmend-7-cm","status":"publish","type":"product","link":"https:\/\/all-pets.de\/shop\/produkt\/trixie-naturgummiball-am-band-schwimmend-7-cm\/","title":{"rendered":"Trixie Naturgummiball am Band, schwimmend &#8211; 7 cm"},"content":{"rendered":"<p>Dieser Ball bietet Ihrem Hund stundenlangen Spielspa\u00df im und am Wasser. Mit Hilfe der Kordel l\u00e4sst sich der Ball super werfen. Der Ball ist schwimmf\u00e4hig und durch die rote Farbe auch im Wasser gut sichtbar. Ideal zum Apportieren, Trainieren und Ausbilden.<\/p>\n<p>Das Wurfspielzeug besteht aus einem Naturgummiball, an dem eine Handschlaufe angebracht ist.<\/p>\n<p>Durchmesser: ca. 7 cm<br \/> Seill\u00e4nge: ca. 35 cm<\/p>\n<p>Diverse Farben. Eine Farbwahl ist leider nicht m\u00f6glich, da die Farbe je nach Lagerbestand gew\u00e4hlt wird.<\/p>\n","protected":false},"excerpt":{"rendered":"<p>Dieser Ball bietet Ihrem Hund stundenlangen Spielspa\u00df im und am Wasser. Mit Hilfe der Kordel l\u00e4sst sich der Ball super werfen. Der Ball ist schwimmf\u00e4hig und durch die rote Farbe auch im Wasser gut sichtbar. Ideal zum Apportieren, Trainieren und Ausbilden. Das Wurfspielzeug besteht aus einem Naturgummiball, an dem eine Handschlaufe angebracht ist. Durchmesser: ca. [&hellip;]<\/p>\n","protected":false},"featured_media":26114,"comment_status":"closed","ping_status":"open","template":"","meta":[],"product_cat":[14196],"product_tag":[],"class_list":{"0":"post-45794","1":"product","2":"type-product","3":"status-publish","4":"has-post-thumbnail","6":"product_cat-hundewurfspielzeug-hundespielzeug-sport-hundebaellehundewelt-hundespielzeug-sport-aqua-spielzeughundewelt","8":"first","9":"instock","10":"taxable","11":"shipping-taxable","12":"purchasable","13":"product-type-simple"},"_links":{"self":[{"href":"https:\/\/all-pets.de\/shop\/wp-json\/wp\/v2\/product\/45794","targetHints":{"allow":["GET"]}}],"collection":[{"href":"https:\/\/all-pets.de\/shop\/wp-json\/wp\/v2\/product"}],"about":[{"href":"https:\/\/all-pets.de\/shop\/wp-json\/wp\/v2\/types\/product"}],"replies":[{"embeddable":true,"href":"https:\/\/all-pets.de\/shop\/wp-json\/wp\/v2\/comments?post=45794"}],"wp:featuredmedia":[{"embeddable":true,"href":"https:\/\/all-pets.de\/shop\/wp-json\/wp\/v2\/media\/26114"}],"wp:attachment":[{"href":"https:\/\/all-pets.de\/shop\/wp-json\/wp\/v2\/media?parent=45794"}],"wp:term":[{"taxonomy":"product_cat","embeddable":true,"href":"https:\/\/all-pets.de\/shop\/wp-json\/wp\/v2\/product_cat?post=45794"},{"taxonomy":"product_tag","embeddable":true,"href":"https:\/\/all-pets.de\/shop\/wp-json\/wp\/v2\/product_tag?post=45794"}],"curies":[{"name":"wp","href":"https:\/\/api.w.org\/{rel}","templated":true}]}}