{"id":45805,"date":"2023-12-12T10:49:55","date_gmt":"2023-12-12T09:49:55","guid":{"rendered":"https:\/\/pet-shopping.de\/shop\/produkt\/trixie-karotte-aus-vinyl-20-cm\/"},"modified":"2023-12-12T10:49:58","modified_gmt":"2023-12-12T09:49:58","slug":"trixie-karotte-aus-vinyl-20-cm","status":"publish","type":"product","link":"https:\/\/all-pets.de\/shop\/produkt\/trixie-karotte-aus-vinyl-20-cm\/","title":{"rendered":"Trixie Karotte aus Vinyl &#8211; 20 cm"},"content":{"rendered":"<p>Lustiges Vinyl-Spielzeug f\u00fcr Hunde in Form einer einer Karotte, die eine Sonnenbrille tr\u00e4gt, mit Squeeker.<\/p>\n<p>Gr\u00f6\u00dfe: ca. 20 cm <\/p>\n","protected":false},"excerpt":{"rendered":"<p>Lustiges Vinyl-Spielzeug f\u00fcr Hunde in Form einer einer Karotte, die eine Sonnenbrille tr\u00e4gt, mit Squeeker. Gr\u00f6\u00dfe: ca. 20 cm<\/p>\n","protected":false},"featured_media":26135,"comment_status":"closed","ping_status":"open","template":"","meta":[],"product_cat":[13748],"product_tag":[],"class_list":{"0":"post-45805","1":"product","2":"type-product","3":"status-publish","4":"has-post-thumbnail","6":"product_cat-squeeker","8":"first","9":"instock","10":"taxable","11":"shipping-taxable","12":"purchasable","13":"product-type-simple"},"_links":{"self":[{"href":"https:\/\/all-pets.de\/shop\/wp-json\/wp\/v2\/product\/45805","targetHints":{"allow":["GET"]}}],"collection":[{"href":"https:\/\/all-pets.de\/shop\/wp-json\/wp\/v2\/product"}],"about":[{"href":"https:\/\/all-pets.de\/shop\/wp-json\/wp\/v2\/types\/product"}],"replies":[{"embeddable":true,"href":"https:\/\/all-pets.de\/shop\/wp-json\/wp\/v2\/comments?post=45805"}],"wp:featuredmedia":[{"embeddable":true,"href":"https:\/\/all-pets.de\/shop\/wp-json\/wp\/v2\/media\/26135"}],"wp:attachment":[{"href":"https:\/\/all-pets.de\/shop\/wp-json\/wp\/v2\/media?parent=45805"}],"wp:term":[{"taxonomy":"product_cat","embeddable":true,"href":"https:\/\/all-pets.de\/shop\/wp-json\/wp\/v2\/product_cat?post=45805"},{"taxonomy":"product_tag","embeddable":true,"href":"https:\/\/all-pets.de\/shop\/wp-json\/wp\/v2\/product_tag?post=45805"}],"curies":[{"name":"wp","href":"https:\/\/api.w.org\/{rel}","templated":true}]}}