{"id":45809,"date":"2023-12-12T10:49:55","date_gmt":"2023-12-12T09:49:55","guid":{"rendered":"https:\/\/pet-shopping.de\/shop\/produkt\/trixie-moosgummiball-schwimmend-6-cm\/"},"modified":"2023-12-12T10:49:58","modified_gmt":"2023-12-12T09:49:58","slug":"trixie-moosgummiball-schwimmend-6-cm","status":"publish","type":"product","link":"https:\/\/all-pets.de\/shop\/produkt\/trixie-moosgummiball-schwimmend-6-cm\/","title":{"rendered":"Trixie Moosgummiball &#8211; schwimmend, 6 cm"},"content":{"rendered":"<p>Dieser Spielball f\u00fcr Hunde besteht aus Moosgummi, wodurch er besonders zahnschonend ist, da das Material den Z\u00e4hnen des Hundes nachgibt.<\/p>\n<p>Der Ball eignet sich sehr gut zum Spielen im und am Wasser, da er schwimmf\u00e4hig ist. <\/p>\n<p>Durchmesser:\u00a0 ca. 6 cm<\/p>\n<p>Diverse Farben<\/p>\n<p>(Eine Farb- und Musterwahl ist leider nicht m\u00f6glich, da die Farbe je nach Lagerbestand gew\u00e4hlt wird.)<\/p>\n<p>\u00a0<\/p>\n","protected":false},"excerpt":{"rendered":"<p>Dieser Spielball f\u00fcr Hunde besteht aus Moosgummi, wodurch er besonders zahnschonend ist, da das Material den Z\u00e4hnen des Hundes nachgibt. Der Ball eignet sich sehr gut zum Spielen im und am Wasser, da er schwimmf\u00e4hig ist. Durchmesser:\u00a0 ca. 6 cm Diverse Farben (Eine Farb- und Musterwahl ist leider nicht m\u00f6glich, da die Farbe je nach [&hellip;]<\/p>\n","protected":false},"featured_media":26149,"comment_status":"closed","ping_status":"open","template":"","meta":[],"product_cat":[14198],"product_tag":[],"class_list":{"0":"post-45809","1":"product","2":"type-product","3":"status-publish","4":"has-post-thumbnail","6":"product_cat-hundebaelle-hundespielzeug-sport-aqua-spielzeughundewelt","8":"first","9":"instock","10":"taxable","11":"shipping-taxable","12":"purchasable","13":"product-type-simple"},"_links":{"self":[{"href":"https:\/\/all-pets.de\/shop\/wp-json\/wp\/v2\/product\/45809","targetHints":{"allow":["GET"]}}],"collection":[{"href":"https:\/\/all-pets.de\/shop\/wp-json\/wp\/v2\/product"}],"about":[{"href":"https:\/\/all-pets.de\/shop\/wp-json\/wp\/v2\/types\/product"}],"replies":[{"embeddable":true,"href":"https:\/\/all-pets.de\/shop\/wp-json\/wp\/v2\/comments?post=45809"}],"wp:featuredmedia":[{"embeddable":true,"href":"https:\/\/all-pets.de\/shop\/wp-json\/wp\/v2\/media\/26149"}],"wp:attachment":[{"href":"https:\/\/all-pets.de\/shop\/wp-json\/wp\/v2\/media?parent=45809"}],"wp:term":[{"taxonomy":"product_cat","embeddable":true,"href":"https:\/\/all-pets.de\/shop\/wp-json\/wp\/v2\/product_cat?post=45809"},{"taxonomy":"product_tag","embeddable":true,"href":"https:\/\/all-pets.de\/shop\/wp-json\/wp\/v2\/product_tag?post=45809"}],"curies":[{"name":"wp","href":"https:\/\/api.w.org\/{rel}","templated":true}]}}