{"id":45814,"date":"2023-12-12T10:49:55","date_gmt":"2023-12-12T09:49:55","guid":{"rendered":"https:\/\/pet-shopping.de\/shop\/produkt\/trixie-tennisball-am-seil-6-cm-50-cm\/"},"modified":"2023-12-12T10:49:58","modified_gmt":"2023-12-12T09:49:58","slug":"trixie-tennisball-am-seil-6-cm-50-cm","status":"publish","type":"product","link":"https:\/\/all-pets.de\/shop\/produkt\/trixie-tennisball-am-seil-6-cm-50-cm\/","title":{"rendered":"Trixie Tennisball am Seil &#8211; 6 cm \/ 50 cm"},"content":{"rendered":"<p>Dieser Tennisball am Seil l\u00e4sst sich sehr gut werfen und bietet den Vorteil, dass man den Ball dank des Seils weit schleudern kann. Dies garantiert Spielspa\u00df f\u00fcr Hund und Halter. Der Ball hat einen Durchmesser von ca. 6 cm, das Seil mit Schlaufe eine L\u00e4nge von ca. 50 cm. Bei dem Ball handelt es sich selbstverst\u00e4ndlich um eine hundgerechte Ausf\u00fchrung ohne Glasfasern.<\/p>\n<p> Diverse Farben<font size=\"1\">. <\/font><span>Eine Farbwahl ist leider nicht m\u00f6glich, da die Farbe je nach Lagerbestand gew\u00e4hlt wird.<\/span><font size=\"1\"><br \/> <\/font><\/p>\n","protected":false},"excerpt":{"rendered":"<p>Dieser Tennisball am Seil l\u00e4sst sich sehr gut werfen und bietet den Vorteil, dass man den Ball dank des Seils weit schleudern kann. Dies garantiert Spielspa\u00df f\u00fcr Hund und Halter. Der Ball hat einen Durchmesser von ca. 6 cm, das Seil mit Schlaufe eine L\u00e4nge von ca. 50 cm. Bei dem Ball handelt es sich [&hellip;]<\/p>\n","protected":false},"featured_media":26171,"comment_status":"closed","ping_status":"open","template":"","meta":[],"product_cat":[14200],"product_tag":[],"class_list":{"0":"post-45814","1":"product","2":"type-product","3":"status-publish","4":"has-post-thumbnail","6":"product_cat-hundebaelle-hundespielzeug-sport-hundewurfspielzeughundewelt","8":"first","9":"instock","10":"taxable","11":"shipping-taxable","12":"purchasable","13":"product-type-simple"},"_links":{"self":[{"href":"https:\/\/all-pets.de\/shop\/wp-json\/wp\/v2\/product\/45814","targetHints":{"allow":["GET"]}}],"collection":[{"href":"https:\/\/all-pets.de\/shop\/wp-json\/wp\/v2\/product"}],"about":[{"href":"https:\/\/all-pets.de\/shop\/wp-json\/wp\/v2\/types\/product"}],"replies":[{"embeddable":true,"href":"https:\/\/all-pets.de\/shop\/wp-json\/wp\/v2\/comments?post=45814"}],"wp:featuredmedia":[{"embeddable":true,"href":"https:\/\/all-pets.de\/shop\/wp-json\/wp\/v2\/media\/26171"}],"wp:attachment":[{"href":"https:\/\/all-pets.de\/shop\/wp-json\/wp\/v2\/media?parent=45814"}],"wp:term":[{"taxonomy":"product_cat","embeddable":true,"href":"https:\/\/all-pets.de\/shop\/wp-json\/wp\/v2\/product_cat?post=45814"},{"taxonomy":"product_tag","embeddable":true,"href":"https:\/\/all-pets.de\/shop\/wp-json\/wp\/v2\/product_tag?post=45814"}],"curies":[{"name":"wp","href":"https:\/\/api.w.org\/{rel}","templated":true}]}}