{"id":45820,"date":"2023-12-12T10:50:02","date_gmt":"2023-12-12T09:50:02","guid":{"rendered":"https:\/\/pet-shopping.de\/shop\/produkt\/trixie-mini-ente-aus-latex-14-cm\/"},"modified":"2023-12-12T10:50:02","modified_gmt":"2023-12-12T09:50:02","slug":"trixie-mini-ente-aus-latex-14-cm","status":"publish","type":"product","link":"https:\/\/all-pets.de\/shop\/produkt\/trixie-mini-ente-aus-latex-14-cm\/","title":{"rendered":"Trixie Mini-Ente aus Latex &#8211; 14 cm"},"content":{"rendered":"<p>Mini Latex-Spielzeug in Form einer Ente mit Stimme. <\/p>\n<p>Durch das weiche Material und die Gr\u00f6\u00dfe besondes f\u00fcr kleine Hunde und Welpen geeignet.<\/p>\n<p>Gr\u00f6\u00dfe: ca. 14 cm<\/p>\n","protected":false},"excerpt":{"rendered":"<p>Mini Latex-Spielzeug in Form einer Ente mit Stimme. Durch das weiche Material und die Gr\u00f6\u00dfe besondes f\u00fcr kleine Hunde und Welpen geeignet. Gr\u00f6\u00dfe: ca. 14 cm<\/p>\n","protected":false},"featured_media":26181,"comment_status":"closed","ping_status":"open","template":"","meta":[],"product_cat":[14202],"product_tag":[],"class_list":{"0":"post-45820","1":"product","2":"type-product","3":"status-publish","4":"has-post-thumbnail","6":"product_cat-squeeker-hundespielzeug-sport-puppy-spielzeughundewelt","8":"first","9":"instock","10":"taxable","11":"shipping-taxable","12":"purchasable","13":"product-type-simple"},"_links":{"self":[{"href":"https:\/\/all-pets.de\/shop\/wp-json\/wp\/v2\/product\/45820","targetHints":{"allow":["GET"]}}],"collection":[{"href":"https:\/\/all-pets.de\/shop\/wp-json\/wp\/v2\/product"}],"about":[{"href":"https:\/\/all-pets.de\/shop\/wp-json\/wp\/v2\/types\/product"}],"replies":[{"embeddable":true,"href":"https:\/\/all-pets.de\/shop\/wp-json\/wp\/v2\/comments?post=45820"}],"wp:featuredmedia":[{"embeddable":true,"href":"https:\/\/all-pets.de\/shop\/wp-json\/wp\/v2\/media\/26181"}],"wp:attachment":[{"href":"https:\/\/all-pets.de\/shop\/wp-json\/wp\/v2\/media?parent=45820"}],"wp:term":[{"taxonomy":"product_cat","embeddable":true,"href":"https:\/\/all-pets.de\/shop\/wp-json\/wp\/v2\/product_cat?post=45820"},{"taxonomy":"product_tag","embeddable":true,"href":"https:\/\/all-pets.de\/shop\/wp-json\/wp\/v2\/product_tag?post=45820"}],"curies":[{"name":"wp","href":"https:\/\/api.w.org\/{rel}","templated":true}]}}