{"id":45821,"date":"2023-12-12T10:50:02","date_gmt":"2023-12-12T09:50:02","guid":{"rendered":"https:\/\/pet-shopping.de\/shop\/produkt\/trixie-latex-seestern-23-cm\/"},"modified":"2023-12-12T10:50:02","modified_gmt":"2023-12-12T09:50:02","slug":"trixie-latex-seestern-23-cm","status":"publish","type":"product","link":"https:\/\/all-pets.de\/shop\/produkt\/trixie-latex-seestern-23-cm\/","title":{"rendered":"Trixie Latex-Seestern &#8211; 23 cm"},"content":{"rendered":"<p>Latex-Spielzeug f\u00fcr Hunde in Form eines Seesterns mit Squeeker. Mit F\u00fcllung aus Polyestervlies.<\/p>\n<p>Auch f\u00fcr Welpen geeignet.<\/p>\n<p>Durchmesser: ca. 23 cm <\/p>\n","protected":false},"excerpt":{"rendered":"<p>Latex-Spielzeug f\u00fcr Hunde in Form eines Seesterns mit Squeeker. Mit F\u00fcllung aus Polyestervlies. Auch f\u00fcr Welpen geeignet. Durchmesser: ca. 23 cm<\/p>\n","protected":false},"featured_media":26183,"comment_status":"closed","ping_status":"open","template":"","meta":[],"product_cat":[13748],"product_tag":[],"class_list":{"0":"post-45821","1":"product","2":"type-product","3":"status-publish","4":"has-post-thumbnail","6":"product_cat-squeeker","8":"first","9":"instock","10":"taxable","11":"shipping-taxable","12":"purchasable","13":"product-type-simple"},"_links":{"self":[{"href":"https:\/\/all-pets.de\/shop\/wp-json\/wp\/v2\/product\/45821","targetHints":{"allow":["GET"]}}],"collection":[{"href":"https:\/\/all-pets.de\/shop\/wp-json\/wp\/v2\/product"}],"about":[{"href":"https:\/\/all-pets.de\/shop\/wp-json\/wp\/v2\/types\/product"}],"replies":[{"embeddable":true,"href":"https:\/\/all-pets.de\/shop\/wp-json\/wp\/v2\/comments?post=45821"}],"wp:featuredmedia":[{"embeddable":true,"href":"https:\/\/all-pets.de\/shop\/wp-json\/wp\/v2\/media\/26183"}],"wp:attachment":[{"href":"https:\/\/all-pets.de\/shop\/wp-json\/wp\/v2\/media?parent=45821"}],"wp:term":[{"taxonomy":"product_cat","embeddable":true,"href":"https:\/\/all-pets.de\/shop\/wp-json\/wp\/v2\/product_cat?post=45821"},{"taxonomy":"product_tag","embeddable":true,"href":"https:\/\/all-pets.de\/shop\/wp-json\/wp\/v2\/product_tag?post=45821"}],"curies":[{"name":"wp","href":"https:\/\/api.w.org\/{rel}","templated":true}]}}