{"id":45823,"date":"2023-12-12T10:50:02","date_gmt":"2023-12-12T09:50:02","guid":{"rendered":"https:\/\/pet-shopping.de\/shop\/produkt\/trixie-baby-zoo-latex-tier-ca-9-cm\/"},"modified":"2023-12-12T10:50:03","modified_gmt":"2023-12-12T09:50:03","slug":"trixie-baby-zoo-latex-tier-ca-9-cm","status":"publish","type":"product","link":"https:\/\/all-pets.de\/shop\/produkt\/trixie-baby-zoo-latex-tier-ca-9-cm\/","title":{"rendered":"Trixie Baby Zoo Latex-Tier &#8211; ca. 9 cm"},"content":{"rendered":"<p>Mini Latex-Spielzeug in verschiedenen Tierformen mit Stimme. <\/p>\n<p>Durch das weiche Material und die Gr\u00f6\u00dfe besondes f\u00fcr kleine Hunde und Welpen geeignet.<\/p>\n<p>Gr\u00f6\u00dfe: ca. 9 cm<\/p>\n<p>Eine Auswahl zwischen den verschiedenen Tieren ist leider nicht m\u00f6glich, da diese je nach Lagerbestand gew\u00e4hlt werden. <\/p>\n","protected":false},"excerpt":{"rendered":"<p>Mini Latex-Spielzeug in verschiedenen Tierformen mit Stimme. Durch das weiche Material und die Gr\u00f6\u00dfe besondes f\u00fcr kleine Hunde und Welpen geeignet. Gr\u00f6\u00dfe: ca. 9 cm Eine Auswahl zwischen den verschiedenen Tieren ist leider nicht m\u00f6glich, da diese je nach Lagerbestand gew\u00e4hlt werden.<\/p>\n","protected":false},"featured_media":26195,"comment_status":"closed","ping_status":"open","template":"","meta":[],"product_cat":[14201],"product_tag":[],"class_list":{"0":"post-45823","1":"product","2":"type-product","3":"status-publish","4":"has-post-thumbnail","6":"product_cat-puppy-spielzeug-hundespielzeug-sport-squeekerhundewelt","8":"first","9":"instock","10":"taxable","11":"shipping-taxable","12":"purchasable","13":"product-type-simple"},"_links":{"self":[{"href":"https:\/\/all-pets.de\/shop\/wp-json\/wp\/v2\/product\/45823","targetHints":{"allow":["GET"]}}],"collection":[{"href":"https:\/\/all-pets.de\/shop\/wp-json\/wp\/v2\/product"}],"about":[{"href":"https:\/\/all-pets.de\/shop\/wp-json\/wp\/v2\/types\/product"}],"replies":[{"embeddable":true,"href":"https:\/\/all-pets.de\/shop\/wp-json\/wp\/v2\/comments?post=45823"}],"wp:featuredmedia":[{"embeddable":true,"href":"https:\/\/all-pets.de\/shop\/wp-json\/wp\/v2\/media\/26195"}],"wp:attachment":[{"href":"https:\/\/all-pets.de\/shop\/wp-json\/wp\/v2\/media?parent=45823"}],"wp:term":[{"taxonomy":"product_cat","embeddable":true,"href":"https:\/\/all-pets.de\/shop\/wp-json\/wp\/v2\/product_cat?post=45823"},{"taxonomy":"product_tag","embeddable":true,"href":"https:\/\/all-pets.de\/shop\/wp-json\/wp\/v2\/product_tag?post=45823"}],"curies":[{"name":"wp","href":"https:\/\/api.w.org\/{rel}","templated":true}]}}