{"id":45824,"date":"2023-12-12T10:50:02","date_gmt":"2023-12-12T09:50:02","guid":{"rendered":"https:\/\/pet-shopping.de\/shop\/produkt\/trixie-pluesch-elch-23-cm\/"},"modified":"2023-12-12T10:50:03","modified_gmt":"2023-12-12T09:50:03","slug":"trixie-pluesch-elch-23-cm","status":"publish","type":"product","link":"https:\/\/all-pets.de\/shop\/produkt\/trixie-pluesch-elch-23-cm\/","title":{"rendered":"Trixie Pl\u00fcsch-Elch &#8211; 23 cm"},"content":{"rendered":"<p>Dieser s\u00fc\u00dfe Pl\u00fcsch-Elch des Herstellers Trixie wird Ihrem Hund viel Freude beim Kuscheln und Spielen bereiten.<\/p>\n<p>Mit Stimme<\/p>\n<p>Gr\u00f6\u00dfe: ca. 23 cm <\/p>\n<p><\/p>\n","protected":false},"excerpt":{"rendered":"<p>Dieser s\u00fc\u00dfe Pl\u00fcsch-Elch des Herstellers Trixie wird Ihrem Hund viel Freude beim Kuscheln und Spielen bereiten. Mit Stimme Gr\u00f6\u00dfe: ca. 23 cm<\/p>\n","protected":false},"featured_media":15703,"comment_status":"closed","ping_status":"open","template":"","meta":[],"product_cat":[14206],"product_tag":[],"class_list":{"0":"post-45824","1":"product","2":"type-product","3":"status-publish","4":"has-post-thumbnail","6":"product_cat-squeeker-hundespielzeug-sport-plueschspielzeughundewelt","8":"first","9":"instock","10":"taxable","11":"shipping-taxable","12":"purchasable","13":"product-type-simple"},"_links":{"self":[{"href":"https:\/\/all-pets.de\/shop\/wp-json\/wp\/v2\/product\/45824","targetHints":{"allow":["GET"]}}],"collection":[{"href":"https:\/\/all-pets.de\/shop\/wp-json\/wp\/v2\/product"}],"about":[{"href":"https:\/\/all-pets.de\/shop\/wp-json\/wp\/v2\/types\/product"}],"replies":[{"embeddable":true,"href":"https:\/\/all-pets.de\/shop\/wp-json\/wp\/v2\/comments?post=45824"}],"wp:featuredmedia":[{"embeddable":true,"href":"https:\/\/all-pets.de\/shop\/wp-json\/wp\/v2\/media\/15703"}],"wp:attachment":[{"href":"https:\/\/all-pets.de\/shop\/wp-json\/wp\/v2\/media?parent=45824"}],"wp:term":[{"taxonomy":"product_cat","embeddable":true,"href":"https:\/\/all-pets.de\/shop\/wp-json\/wp\/v2\/product_cat?post=45824"},{"taxonomy":"product_tag","embeddable":true,"href":"https:\/\/all-pets.de\/shop\/wp-json\/wp\/v2\/product_tag?post=45824"}],"curies":[{"name":"wp","href":"https:\/\/api.w.org\/{rel}","templated":true}]}}