{"id":45825,"date":"2023-12-12T10:50:02","date_gmt":"2023-12-12T09:50:02","guid":{"rendered":"https:\/\/pet-shopping.de\/shop\/produkt\/trixie-plueschfigur-mit-stimme-10-12-cm\/"},"modified":"2023-12-12T10:50:03","modified_gmt":"2023-12-12T09:50:03","slug":"trixie-plueschfigur-mit-stimme-10-12-cm","status":"publish","type":"product","link":"https:\/\/all-pets.de\/shop\/produkt\/trixie-plueschfigur-mit-stimme-10-12-cm\/","title":{"rendered":"Trixie Pl\u00fcschfigur mit Stimme &#8211; 10 &#8211; 12 cm"},"content":{"rendered":"<p>Diese Pl\u00fcschtiere des Herstellers Trixie eignen sich besonders gut f\u00fcr kleine Hunde und Welpen. <\/p>\n<p>Mit Stimme.<\/p>\n<p>Gr\u00f6\u00dfe: ca 10-12 cm<\/p>\n<p>Inhalt: 1 St\u00fcck<\/p>\n<p>Verschiedene Tiere und Farben.<\/p>\n<p>Die Auswahl des Tieres ist leider nicht M\u00f6glich, da es je nach Lagerbestand gew\u00e4hlt wird. <\/p>\n<p><\/p>\n","protected":false},"excerpt":{"rendered":"<p>Diese Pl\u00fcschtiere des Herstellers Trixie eignen sich besonders gut f\u00fcr kleine Hunde und Welpen. Mit Stimme. Gr\u00f6\u00dfe: ca 10-12 cm Inhalt: 1 St\u00fcck Verschiedene Tiere und Farben. Die Auswahl des Tieres ist leider nicht M\u00f6glich, da es je nach Lagerbestand gew\u00e4hlt wird.<\/p>\n","protected":false},"featured_media":26203,"comment_status":"closed","ping_status":"open","template":"","meta":[],"product_cat":[14207],"product_tag":[],"class_list":{"0":"post-45825","1":"product","2":"type-product","3":"status-publish","4":"has-post-thumbnail","6":"product_cat-puppy-spielzeug-hundespielzeug-sport-squeekerhundewelt-hundespielzeug-sport-plueschspielzeughundewelt","8":"first","9":"instock","10":"taxable","11":"shipping-taxable","12":"purchasable","13":"product-type-simple"},"_links":{"self":[{"href":"https:\/\/all-pets.de\/shop\/wp-json\/wp\/v2\/product\/45825","targetHints":{"allow":["GET"]}}],"collection":[{"href":"https:\/\/all-pets.de\/shop\/wp-json\/wp\/v2\/product"}],"about":[{"href":"https:\/\/all-pets.de\/shop\/wp-json\/wp\/v2\/types\/product"}],"replies":[{"embeddable":true,"href":"https:\/\/all-pets.de\/shop\/wp-json\/wp\/v2\/comments?post=45825"}],"wp:featuredmedia":[{"embeddable":true,"href":"https:\/\/all-pets.de\/shop\/wp-json\/wp\/v2\/media\/26203"}],"wp:attachment":[{"href":"https:\/\/all-pets.de\/shop\/wp-json\/wp\/v2\/media?parent=45825"}],"wp:term":[{"taxonomy":"product_cat","embeddable":true,"href":"https:\/\/all-pets.de\/shop\/wp-json\/wp\/v2\/product_cat?post=45825"},{"taxonomy":"product_tag","embeddable":true,"href":"https:\/\/all-pets.de\/shop\/wp-json\/wp\/v2\/product_tag?post=45825"}],"curies":[{"name":"wp","href":"https:\/\/api.w.org\/{rel}","templated":true}]}}