{"id":45826,"date":"2023-12-12T10:50:02","date_gmt":"2023-12-12T09:50:02","guid":{"rendered":"https:\/\/pet-shopping.de\/shop\/produkt\/trixie-kuschelhoehle-minou-beige-braun\/"},"modified":"2023-12-12T10:50:03","modified_gmt":"2023-12-12T09:50:03","slug":"trixie-kuschelhoehle-minou-beige-braun","status":"publish","type":"product","link":"https:\/\/all-pets.de\/shop\/produkt\/trixie-kuschelhoehle-minou-beige-braun\/","title":{"rendered":"Trixie Kuschelh\u00f6hle Minou &#8211; beige\/braun"},"content":{"rendered":"<p>Die Kuschelh\u00f6hle Minou bietet Katzen und kleinen Hunden eine gem\u00fctliche R\u00fcckzugsm\u00f6glichkeit. <\/p>\n<p>Die H\u00f6hle besteht aus einem Pl\u00fcschbezug mit einer Schaumstofff\u00fcllung. Von innen ist die H\u00f6hle mit Fleece bezogen. Eine weiche Liegefl\u00e4che ist durch das herausnehmbare Wendekissen mit Pl\u00fcschbezug und Polyestervliesf\u00fcllung gesichert. Sowohl das Kissen, als auch die H\u00f6hle selbst lassen sich per Handw\u00e4sche reinigen. Der Langhaar-Rand am Eingang und die niedlichen Pfotenabdr\u00fccke auf beiden Seiten der H\u00f6hle runden das Bild optisch ab.<\/p>\n<p>Gesamtma\u00dfe: ca. 41 x 35 x 26 cm (TxBxH)<br \/> Liegefl\u00e4che: ca. 38 x 32 cm<\/p>\n<p>Farbe: Beige\/Braun<\/p>\n","protected":false},"excerpt":{"rendered":"<p>Die Kuschelh\u00f6hle Minou bietet Katzen und kleinen Hunden eine gem\u00fctliche R\u00fcckzugsm\u00f6glichkeit. Die H\u00f6hle besteht aus einem Pl\u00fcschbezug mit einer Schaumstofff\u00fcllung. Von innen ist die H\u00f6hle mit Fleece bezogen. Eine weiche Liegefl\u00e4che ist durch das herausnehmbare Wendekissen mit Pl\u00fcschbezug und Polyestervliesf\u00fcllung gesichert. Sowohl das Kissen, als auch die H\u00f6hle selbst lassen sich per Handw\u00e4sche reinigen. Der [&hellip;]<\/p>\n","protected":false},"featured_media":26213,"comment_status":"closed","ping_status":"open","template":"","meta":[],"product_cat":[14208],"product_tag":[],"class_list":{"0":"post-45826","1":"product","2":"type-product","3":"status-publish","4":"has-post-thumbnail","6":"product_cat-liegehoehlen-betten-koerbe-haeuser-hoehlenhundewelt","8":"first","9":"instock","10":"taxable","11":"shipping-taxable","12":"purchasable","13":"product-type-simple"},"_links":{"self":[{"href":"https:\/\/all-pets.de\/shop\/wp-json\/wp\/v2\/product\/45826","targetHints":{"allow":["GET"]}}],"collection":[{"href":"https:\/\/all-pets.de\/shop\/wp-json\/wp\/v2\/product"}],"about":[{"href":"https:\/\/all-pets.de\/shop\/wp-json\/wp\/v2\/types\/product"}],"replies":[{"embeddable":true,"href":"https:\/\/all-pets.de\/shop\/wp-json\/wp\/v2\/comments?post=45826"}],"wp:featuredmedia":[{"embeddable":true,"href":"https:\/\/all-pets.de\/shop\/wp-json\/wp\/v2\/media\/26213"}],"wp:attachment":[{"href":"https:\/\/all-pets.de\/shop\/wp-json\/wp\/v2\/media?parent=45826"}],"wp:term":[{"taxonomy":"product_cat","embeddable":true,"href":"https:\/\/all-pets.de\/shop\/wp-json\/wp\/v2\/product_cat?post=45826"},{"taxonomy":"product_tag","embeddable":true,"href":"https:\/\/all-pets.de\/shop\/wp-json\/wp\/v2\/product_tag?post=45826"}],"curies":[{"name":"wp","href":"https:\/\/api.w.org\/{rel}","templated":true}]}}