{"id":45831,"date":"2023-12-12T10:50:02","date_gmt":"2023-12-12T09:50:02","guid":{"rendered":"https:\/\/pet-shopping.de\/shop\/produkt\/trixie-fleecedecke-barney-150-x-100-cm-beige\/"},"modified":"2023-12-12T10:50:04","modified_gmt":"2023-12-12T09:50:04","slug":"trixie-fleecedecke-barney-150-x-100-cm-beige","status":"publish","type":"product","link":"https:\/\/all-pets.de\/shop\/produkt\/trixie-fleecedecke-barney-150-x-100-cm-beige\/","title":{"rendered":"Trixie Fleecedecke Barney &#8211; 150 x 100 cm, beige"},"content":{"rendered":"<p>Die Fleecedecke Barney sch\u00fctzt Ihre Polster und M\u00f6bel vor Schmutz und Tierhaaren. Die Decke ist bei 30\u00b0C waschbar und mit Pfotenmotiven best\u00fcckt.<\/p>\n<p>Gr\u00f6\u00dfe: ca. 150 x 100 cm<br \/> Farbe: Beige mit Pfoten<\/p>\n","protected":false},"excerpt":{"rendered":"<p>Die Fleecedecke Barney sch\u00fctzt Ihre Polster und M\u00f6bel vor Schmutz und Tierhaaren. Die Decke ist bei 30\u00b0C waschbar und mit Pfotenmotiven best\u00fcckt. Gr\u00f6\u00dfe: ca. 150 x 100 cm Farbe: Beige mit Pfoten<\/p>\n","protected":false},"featured_media":26237,"comment_status":"closed","ping_status":"open","template":"","meta":[],"product_cat":[14034],"product_tag":[],"class_list":{"0":"post-45831","1":"product","2":"type-product","3":"status-publish","4":"has-post-thumbnail","6":"product_cat-liegedecken-betten-koerbe","8":"first","9":"instock","10":"taxable","11":"shipping-taxable","12":"purchasable","13":"product-type-simple"},"_links":{"self":[{"href":"https:\/\/all-pets.de\/shop\/wp-json\/wp\/v2\/product\/45831","targetHints":{"allow":["GET"]}}],"collection":[{"href":"https:\/\/all-pets.de\/shop\/wp-json\/wp\/v2\/product"}],"about":[{"href":"https:\/\/all-pets.de\/shop\/wp-json\/wp\/v2\/types\/product"}],"replies":[{"embeddable":true,"href":"https:\/\/all-pets.de\/shop\/wp-json\/wp\/v2\/comments?post=45831"}],"wp:featuredmedia":[{"embeddable":true,"href":"https:\/\/all-pets.de\/shop\/wp-json\/wp\/v2\/media\/26237"}],"wp:attachment":[{"href":"https:\/\/all-pets.de\/shop\/wp-json\/wp\/v2\/media?parent=45831"}],"wp:term":[{"taxonomy":"product_cat","embeddable":true,"href":"https:\/\/all-pets.de\/shop\/wp-json\/wp\/v2\/product_cat?post=45831"},{"taxonomy":"product_tag","embeddable":true,"href":"https:\/\/all-pets.de\/shop\/wp-json\/wp\/v2\/product_tag?post=45831"}],"curies":[{"name":"wp","href":"https:\/\/api.w.org\/{rel}","templated":true}]}}