{"id":45833,"date":"2023-12-12T10:50:02","date_gmt":"2023-12-12T09:50:02","guid":{"rendered":"https:\/\/pet-shopping.de\/shop\/produkt\/trixie-fleecedecke-beany-bordeaux-100-x-70-cm\/"},"modified":"2023-12-12T10:50:04","modified_gmt":"2023-12-12T09:50:04","slug":"trixie-fleecedecke-beany-bordeaux-100-x-70-cm","status":"publish","type":"product","link":"https:\/\/all-pets.de\/shop\/produkt\/trixie-fleecedecke-beany-bordeaux-100-x-70-cm\/","title":{"rendered":"Trixie Fleecedecke Beany &#8211; bordeaux, 100 x 70 cm"},"content":{"rendered":"<ul>\n<li>Fleece (Polyester)<\/li>\n<li>f\u00fcr Allergiker geeignet<\/li>\n<li>waschbar bei 60\u00b0C<\/li>\n<li>Ma\u00dfe: ca. 100 \u00d7 70 cm<\/li>\n<li>Farbe: bordeaux mit Fischgr\u00e4tenmotiv<\/li>\n<\/ul>\n","protected":false},"excerpt":{"rendered":"<p>Fleece (Polyester) f\u00fcr Allergiker geeignet waschbar bei 60\u00b0C Ma\u00dfe: ca. 100 \u00d7 70 cm Farbe: bordeaux mit Fischgr\u00e4tenmotiv<\/p>\n","protected":false},"featured_media":45834,"comment_status":"closed","ping_status":"open","template":"","meta":[],"product_cat":[14211],"product_tag":[],"class_list":{"0":"post-45833","1":"product","2":"type-product","3":"status-publish","4":"has-post-thumbnail","6":"product_cat-betten-sofas-katzenbetten-katzenkoerbe-katzenkissenkatzenwelt-katzenbetten-katzenkoerbe","8":"first","9":"instock","10":"taxable","11":"shipping-taxable","12":"purchasable","13":"product-type-simple"},"_links":{"self":[{"href":"https:\/\/all-pets.de\/shop\/wp-json\/wp\/v2\/product\/45833","targetHints":{"allow":["GET"]}}],"collection":[{"href":"https:\/\/all-pets.de\/shop\/wp-json\/wp\/v2\/product"}],"about":[{"href":"https:\/\/all-pets.de\/shop\/wp-json\/wp\/v2\/types\/product"}],"replies":[{"embeddable":true,"href":"https:\/\/all-pets.de\/shop\/wp-json\/wp\/v2\/comments?post=45833"}],"wp:featuredmedia":[{"embeddable":true,"href":"https:\/\/all-pets.de\/shop\/wp-json\/wp\/v2\/media\/45834"}],"wp:attachment":[{"href":"https:\/\/all-pets.de\/shop\/wp-json\/wp\/v2\/media?parent=45833"}],"wp:term":[{"taxonomy":"product_cat","embeddable":true,"href":"https:\/\/all-pets.de\/shop\/wp-json\/wp\/v2\/product_cat?post=45833"},{"taxonomy":"product_tag","embeddable":true,"href":"https:\/\/all-pets.de\/shop\/wp-json\/wp\/v2\/product_tag?post=45833"}],"curies":[{"name":"wp","href":"https:\/\/api.w.org\/{rel}","templated":true}]}}