{"id":45838,"date":"2023-12-12T10:50:02","date_gmt":"2023-12-12T09:50:02","guid":{"rendered":"https:\/\/pet-shopping.de\/shop\/produkt\/trixie-cat-activity-fun-board-xxl\/"},"modified":"2023-12-12T10:50:05","modified_gmt":"2023-12-12T09:50:05","slug":"trixie-cat-activity-fun-board-xxl","status":"publish","type":"product","link":"https:\/\/all-pets.de\/shop\/produkt\/trixie-cat-activity-fun-board-xxl\/","title":{"rendered":"Trixie Cat Activity Fun Board XXL"},"content":{"rendered":"<ul>\n<li>besonders f\u00fcr gro\u00dfe Katzen geeignet <\/li>\n<li>abwechslungsreiches Brettspiel mit 5 unterschiedlichen Spielmodulen<\/li>\n<li>entwickelt von der Katzenexpertin Helena Dbal\u00fd<\/li>\n<li>kann auch f\u00fcr die t\u00e4gliche Trockenfuttergabe genutzt werden<\/li>\n<li>auch mit Spielzeugen und gr\u00f6\u00dferen Leckerbissen bef\u00fcllbar<\/li>\n<li>rutschfest durch Gummif\u00fc\u00dfe<\/li>\n<li>Kunststoff<\/li>\n<li>inkl. Trainingsanleitung<\/li>\n<li>tierschutzkonform nach \u00a7 18 (AT)<\/li>\n<li>Ma\u00dfe: ca. 30 x 40 cm <\/li>\n<\/ul>\n","protected":false},"excerpt":{"rendered":"<p>besonders f\u00fcr gro\u00dfe Katzen geeignet abwechslungsreiches Brettspiel mit 5 unterschiedlichen Spielmodulen entwickelt von der Katzenexpertin Helena Dbal\u00fd kann auch f\u00fcr die t\u00e4gliche Trockenfuttergabe genutzt werden auch mit Spielzeugen und gr\u00f6\u00dferen Leckerbissen bef\u00fcllbar rutschfest durch Gummif\u00fc\u00dfe Kunststoff inkl. Trainingsanleitung tierschutzkonform nach \u00a7 18 (AT) Ma\u00dfe: ca. 30 x 40 cm<\/p>\n","protected":false},"featured_media":32722,"comment_status":"closed","ping_status":"open","template":"","meta":[],"product_cat":[13782],"product_tag":[],"class_list":{"0":"post-45838","1":"product","2":"type-product","3":"status-publish","4":"has-post-thumbnail","6":"product_cat-intelligenz-spielzeug","8":"first","9":"instock","10":"taxable","11":"shipping-taxable","12":"purchasable","13":"product-type-simple"},"_links":{"self":[{"href":"https:\/\/all-pets.de\/shop\/wp-json\/wp\/v2\/product\/45838","targetHints":{"allow":["GET"]}}],"collection":[{"href":"https:\/\/all-pets.de\/shop\/wp-json\/wp\/v2\/product"}],"about":[{"href":"https:\/\/all-pets.de\/shop\/wp-json\/wp\/v2\/types\/product"}],"replies":[{"embeddable":true,"href":"https:\/\/all-pets.de\/shop\/wp-json\/wp\/v2\/comments?post=45838"}],"wp:featuredmedia":[{"embeddable":true,"href":"https:\/\/all-pets.de\/shop\/wp-json\/wp\/v2\/media\/32722"}],"wp:attachment":[{"href":"https:\/\/all-pets.de\/shop\/wp-json\/wp\/v2\/media?parent=45838"}],"wp:term":[{"taxonomy":"product_cat","embeddable":true,"href":"https:\/\/all-pets.de\/shop\/wp-json\/wp\/v2\/product_cat?post=45838"},{"taxonomy":"product_tag","embeddable":true,"href":"https:\/\/all-pets.de\/shop\/wp-json\/wp\/v2\/product_tag?post=45838"}],"curies":[{"name":"wp","href":"https:\/\/api.w.org\/{rel}","templated":true}]}}