{"id":45842,"date":"2023-12-12T10:50:08","date_gmt":"2023-12-12T09:50:08","guid":{"rendered":"https:\/\/pet-shopping.de\/shop\/produkt\/trixie-kuschelhoehle-cat\/"},"modified":"2023-12-12T10:50:08","modified_gmt":"2023-12-12T09:50:08","slug":"trixie-kuschelhoehle-cat","status":"publish","type":"product","link":"https:\/\/all-pets.de\/shop\/produkt\/trixie-kuschelhoehle-cat\/","title":{"rendered":"Trixie Kuschelh\u00f6hle Cat"},"content":{"rendered":"<p>Die Kuschelh\u00f6hle Cat besteht aus formstabilem Filz (Polyester), welches isolierend und schmutzabweisend wirkt.<\/p>\n<p>Durch den Rei\u00dfverschluss l\u00e4sst sich die H\u00f6hle komplett \u00f6ffnen und platzsparend verstauen. Ein Kissen mit Pl\u00fcsch-Bezug und Polyestervlies-F\u00fcllung macht die H\u00f6hle zu einem kuscheligen Schlafplatz. Das Kissen kann per Handw\u00e4sche gereinigt werden.<\/p>\n<p>Ma\u00dfe: ca. 38 x 35 x 37 cm<br \/> Farbe: Anthrazit<\/p>\n","protected":false},"excerpt":{"rendered":"<p>Die Kuschelh\u00f6hle Cat besteht aus formstabilem Filz (Polyester), welches isolierend und schmutzabweisend wirkt. Durch den Rei\u00dfverschluss l\u00e4sst sich die H\u00f6hle komplett \u00f6ffnen und platzsparend verstauen. Ein Kissen mit Pl\u00fcsch-Bezug und Polyestervlies-F\u00fcllung macht die H\u00f6hle zu einem kuscheligen Schlafplatz. Das Kissen kann per Handw\u00e4sche gereinigt werden. Ma\u00dfe: ca. 38 x 35 x 37 cm Farbe: Anthrazit<\/p>\n","protected":false},"featured_media":5279,"comment_status":"closed","ping_status":"open","template":"","meta":[],"product_cat":[13705],"product_tag":[],"class_list":{"0":"post-45842","1":"product","2":"type-product","3":"status-publish","4":"has-post-thumbnail","6":"product_cat-haeuser-hoehlen","8":"first","9":"instock","10":"taxable","11":"shipping-taxable","12":"purchasable","13":"product-type-simple"},"_links":{"self":[{"href":"https:\/\/all-pets.de\/shop\/wp-json\/wp\/v2\/product\/45842","targetHints":{"allow":["GET"]}}],"collection":[{"href":"https:\/\/all-pets.de\/shop\/wp-json\/wp\/v2\/product"}],"about":[{"href":"https:\/\/all-pets.de\/shop\/wp-json\/wp\/v2\/types\/product"}],"replies":[{"embeddable":true,"href":"https:\/\/all-pets.de\/shop\/wp-json\/wp\/v2\/comments?post=45842"}],"wp:featuredmedia":[{"embeddable":true,"href":"https:\/\/all-pets.de\/shop\/wp-json\/wp\/v2\/media\/5279"}],"wp:attachment":[{"href":"https:\/\/all-pets.de\/shop\/wp-json\/wp\/v2\/media?parent=45842"}],"wp:term":[{"taxonomy":"product_cat","embeddable":true,"href":"https:\/\/all-pets.de\/shop\/wp-json\/wp\/v2\/product_cat?post=45842"},{"taxonomy":"product_tag","embeddable":true,"href":"https:\/\/all-pets.de\/shop\/wp-json\/wp\/v2\/product_tag?post=45842"}],"curies":[{"name":"wp","href":"https:\/\/api.w.org\/{rel}","templated":true}]}}