{"id":45848,"date":"2023-12-12T10:50:08","date_gmt":"2023-12-12T09:50:08","guid":{"rendered":"https:\/\/pet-shopping.de\/shop\/produkt\/trixie-keramikhaus-grau-16-x-12-cm\/"},"modified":"2023-12-12T10:50:09","modified_gmt":"2023-12-12T09:50:09","slug":"trixie-keramikhaus-grau-16-x-12-cm","status":"publish","type":"product","link":"https:\/\/all-pets.de\/shop\/produkt\/trixie-keramikhaus-grau-16-x-12-cm\/","title":{"rendered":"Trixie Keramikhaus &#8211; grau, 16 \u00d7 12 cm"},"content":{"rendered":"<div class=\"mb-3 row\">\n<div class=\"col\">\n<ul>\n<li>\n<ul>\n<ul>\n<li>unterst\u00fctzt an warmen Tagen die Regulierung der K\u00f6rpertemperatur<\/li>\n<li>Dach abnehmbar<\/li>\n<li>leicht zu reinigen<\/li>\n<li>Farbe: grau<\/li>\n<li>tierschutzkonform nach \u00a7 18 (AT)<\/li>\n<li>Ma\u00dfe: ca. \u00f8 16 \u00d7 12 cm<\/li>\n<li>geeignet z.B. f\u00fcr Hamster, gro\u00dfe Hamster<\/li>\n<\/ul>\n<\/ul>\n<\/li>\n<\/ul>\n<\/div>\n<\/div>\n","protected":false},"excerpt":{"rendered":"<p>unterst\u00fctzt an warmen Tagen die Regulierung der K\u00f6rpertemperatur Dach abnehmbar leicht zu reinigen Farbe: grau tierschutzkonform nach \u00a7 18 (AT) Ma\u00dfe: ca. \u00f8 16 \u00d7 12 cm geeignet z.B. f\u00fcr Hamster, gro\u00dfe Hamster<\/p>\n","protected":false},"featured_media":45849,"comment_status":"closed","ping_status":"open","template":"","meta":[],"product_cat":[13746],"product_tag":[],"class_list":{"0":"post-45848","1":"product","2":"type-product","3":"status-publish","4":"has-post-thumbnail","6":"product_cat-weitere-haeuser","8":"first","9":"instock","10":"taxable","11":"shipping-taxable","12":"purchasable","13":"product-type-simple"},"_links":{"self":[{"href":"https:\/\/all-pets.de\/shop\/wp-json\/wp\/v2\/product\/45848","targetHints":{"allow":["GET"]}}],"collection":[{"href":"https:\/\/all-pets.de\/shop\/wp-json\/wp\/v2\/product"}],"about":[{"href":"https:\/\/all-pets.de\/shop\/wp-json\/wp\/v2\/types\/product"}],"replies":[{"embeddable":true,"href":"https:\/\/all-pets.de\/shop\/wp-json\/wp\/v2\/comments?post=45848"}],"wp:featuredmedia":[{"embeddable":true,"href":"https:\/\/all-pets.de\/shop\/wp-json\/wp\/v2\/media\/45849"}],"wp:attachment":[{"href":"https:\/\/all-pets.de\/shop\/wp-json\/wp\/v2\/media?parent=45848"}],"wp:term":[{"taxonomy":"product_cat","embeddable":true,"href":"https:\/\/all-pets.de\/shop\/wp-json\/wp\/v2\/product_cat?post=45848"},{"taxonomy":"product_tag","embeddable":true,"href":"https:\/\/all-pets.de\/shop\/wp-json\/wp\/v2\/product_tag?post=45848"}],"curies":[{"name":"wp","href":"https:\/\/api.w.org\/{rel}","templated":true}]}}