{"id":45852,"date":"2023-12-12T10:50:08","date_gmt":"2023-12-12T09:50:08","guid":{"rendered":"https:\/\/pet-shopping.de\/shop\/produkt\/trixie-keramikhaus-fuer-kleinnager-11-x-14-cm\/"},"modified":"2023-12-12T10:50:09","modified_gmt":"2023-12-12T09:50:09","slug":"trixie-keramikhaus-fuer-kleinnager-11-x-14-cm","status":"publish","type":"product","link":"https:\/\/all-pets.de\/shop\/produkt\/trixie-keramikhaus-fuer-kleinnager-11-x-14-cm\/","title":{"rendered":"Trixie Keramikhaus f\u00fcr Kleinnager &#8211; 11 \u00d7 14 cm"},"content":{"rendered":"<ul>\n<li>unterst\u00fctzt an warmen Tagen die Regulierung der K\u00f6rpertemperatur<\/li>\n<li>Ma\u00dfe: ca. \u00f8 11 \u00d7 14 cm<\/li>\n<li>Farbe: terrakotta<\/li>\n<li>geeignet f\u00fcr z.B. M\u00e4use, Hamster<\/li>\n<\/ul>\n","protected":false},"excerpt":{"rendered":"<p>unterst\u00fctzt an warmen Tagen die Regulierung der K\u00f6rpertemperatur Ma\u00dfe: ca. \u00f8 11 \u00d7 14 cm Farbe: terrakotta geeignet f\u00fcr z.B. M\u00e4use, Hamster<\/p>\n","protected":false},"featured_media":45853,"comment_status":"closed","ping_status":"open","template":"","meta":[],"product_cat":[13746],"product_tag":[],"class_list":{"0":"post-45852","1":"product","2":"type-product","3":"status-publish","4":"has-post-thumbnail","6":"product_cat-weitere-haeuser","8":"first","9":"instock","10":"taxable","11":"shipping-taxable","12":"purchasable","13":"product-type-simple"},"_links":{"self":[{"href":"https:\/\/all-pets.de\/shop\/wp-json\/wp\/v2\/product\/45852","targetHints":{"allow":["GET"]}}],"collection":[{"href":"https:\/\/all-pets.de\/shop\/wp-json\/wp\/v2\/product"}],"about":[{"href":"https:\/\/all-pets.de\/shop\/wp-json\/wp\/v2\/types\/product"}],"replies":[{"embeddable":true,"href":"https:\/\/all-pets.de\/shop\/wp-json\/wp\/v2\/comments?post=45852"}],"wp:featuredmedia":[{"embeddable":true,"href":"https:\/\/all-pets.de\/shop\/wp-json\/wp\/v2\/media\/45853"}],"wp:attachment":[{"href":"https:\/\/all-pets.de\/shop\/wp-json\/wp\/v2\/media?parent=45852"}],"wp:term":[{"taxonomy":"product_cat","embeddable":true,"href":"https:\/\/all-pets.de\/shop\/wp-json\/wp\/v2\/product_cat?post=45852"},{"taxonomy":"product_tag","embeddable":true,"href":"https:\/\/all-pets.de\/shop\/wp-json\/wp\/v2\/product_tag?post=45852"}],"curies":[{"name":"wp","href":"https:\/\/api.w.org\/{rel}","templated":true}]}}