{"id":45855,"date":"2023-12-12T10:50:08","date_gmt":"2023-12-12T09:50:08","guid":{"rendered":"https:\/\/pet-shopping.de\/shop\/produkt\/trixie-naturspielzeug-mit-bananenblaettern-holz-und-luffa\/"},"modified":"2023-12-12T10:50:10","modified_gmt":"2023-12-12T09:50:10","slug":"trixie-naturspielzeug-mit-bananenblaettern-holz-und-luffa","status":"publish","type":"product","link":"https:\/\/all-pets.de\/shop\/produkt\/trixie-naturspielzeug-mit-bananenblaettern-holz-und-luffa\/","title":{"rendered":"Trixie Naturspielzeug mit Bananenbl\u00e4ttern, Holz und Luffa"},"content":{"rendered":"<div class=\"mb-3 row\">\n<div class=\"col\">\n<ul>\n<li>\n<ul>\n<ul>\n<li>Bananenbl\u00e4tter, Holz und Luffa <\/li>\n<li>entwickelt in Zusammenarbeit mit dem Weltvogelpark Walsrode<\/li>\n<li>Gr\u00f6\u00dfe: ca. 42 cm<\/li>\n<li>geeignet f\u00fcr z.B. Nymphensittiche, Wellensittiche<\/li>\n<\/ul>\n<\/ul>\n<\/li>\n<\/ul>\n<\/div>\n<\/div>\n","protected":false},"excerpt":{"rendered":"<p>Bananenbl\u00e4tter, Holz und Luffa entwickelt in Zusammenarbeit mit dem Weltvogelpark Walsrode Gr\u00f6\u00dfe: ca. 42 cm geeignet f\u00fcr z.B. Nymphensittiche, Wellensittiche<\/p>\n","protected":false},"featured_media":45856,"comment_status":"closed","ping_status":"open","template":"","meta":[],"product_cat":[13692],"product_tag":[],"class_list":{"0":"post-45855","1":"product","2":"type-product","3":"status-publish","4":"has-post-thumbnail","6":"product_cat-spielzeug","8":"first","9":"instock","10":"taxable","11":"shipping-taxable","12":"purchasable","13":"product-type-simple"},"_links":{"self":[{"href":"https:\/\/all-pets.de\/shop\/wp-json\/wp\/v2\/product\/45855","targetHints":{"allow":["GET"]}}],"collection":[{"href":"https:\/\/all-pets.de\/shop\/wp-json\/wp\/v2\/product"}],"about":[{"href":"https:\/\/all-pets.de\/shop\/wp-json\/wp\/v2\/types\/product"}],"replies":[{"embeddable":true,"href":"https:\/\/all-pets.de\/shop\/wp-json\/wp\/v2\/comments?post=45855"}],"wp:featuredmedia":[{"embeddable":true,"href":"https:\/\/all-pets.de\/shop\/wp-json\/wp\/v2\/media\/45856"}],"wp:attachment":[{"href":"https:\/\/all-pets.de\/shop\/wp-json\/wp\/v2\/media?parent=45855"}],"wp:term":[{"taxonomy":"product_cat","embeddable":true,"href":"https:\/\/all-pets.de\/shop\/wp-json\/wp\/v2\/product_cat?post=45855"},{"taxonomy":"product_tag","embeddable":true,"href":"https:\/\/all-pets.de\/shop\/wp-json\/wp\/v2\/product_tag?post=45855"}],"curies":[{"name":"wp","href":"https:\/\/api.w.org\/{rel}","templated":true}]}}