{"id":45859,"date":"2023-12-12T10:50:08","date_gmt":"2023-12-12T09:50:08","guid":{"rendered":"https:\/\/pet-shopping.de\/shop\/produkt\/trixie-ungezieferband-fuer-hunde-60-cm\/"},"modified":"2023-12-12T10:50:11","modified_gmt":"2023-12-12T09:50:11","slug":"trixie-ungezieferband-fuer-hunde-60-cm","status":"publish","type":"product","link":"https:\/\/all-pets.de\/shop\/produkt\/trixie-ungezieferband-fuer-hunde-60-cm\/","title":{"rendered":"Trixie Ungezieferband f\u00fcr Hunde, 60 cm"},"content":{"rendered":"<p>&#8211; Ungezieferhalsband f\u00fcr Hunde<br \/> &#8211; Wirkstoffe: Margosa-Extrakt, Lavandin\u00f6l<br \/> &#8211; gegen Zecken, Fl\u00f6he und Milben<br \/> &#8211; bis zu 8 Wochen wirksam<br \/> &#8211; auch f\u00fcr Jungtiere ab 12 Wochen geeignet<br \/> &#8211; L\u00e4nge: ca. 60 cm<\/p>\n","protected":false},"excerpt":{"rendered":"<p>&#8211; Ungezieferhalsband f\u00fcr Hunde &#8211; Wirkstoffe: Margosa-Extrakt, Lavandin\u00f6l &#8211; gegen Zecken, Fl\u00f6he und Milben &#8211; bis zu 8 Wochen wirksam &#8211; auch f\u00fcr Jungtiere ab 12 Wochen geeignet &#8211; L\u00e4nge: ca. 60 cm<\/p>\n","protected":false},"featured_media":26279,"comment_status":"closed","ping_status":"open","template":"","meta":[],"product_cat":[14069],"product_tag":[],"class_list":{"0":"post-45859","1":"product","2":"type-product","3":"status-publish","4":"has-post-thumbnail","6":"product_cat-ungeziefer-schutz-pflege-gesundheit-hundewelt","8":"first","9":"instock","10":"taxable","11":"shipping-taxable","12":"purchasable","13":"product-type-simple"},"_links":{"self":[{"href":"https:\/\/all-pets.de\/shop\/wp-json\/wp\/v2\/product\/45859","targetHints":{"allow":["GET"]}}],"collection":[{"href":"https:\/\/all-pets.de\/shop\/wp-json\/wp\/v2\/product"}],"about":[{"href":"https:\/\/all-pets.de\/shop\/wp-json\/wp\/v2\/types\/product"}],"replies":[{"embeddable":true,"href":"https:\/\/all-pets.de\/shop\/wp-json\/wp\/v2\/comments?post=45859"}],"wp:featuredmedia":[{"embeddable":true,"href":"https:\/\/all-pets.de\/shop\/wp-json\/wp\/v2\/media\/26279"}],"wp:attachment":[{"href":"https:\/\/all-pets.de\/shop\/wp-json\/wp\/v2\/media?parent=45859"}],"wp:term":[{"taxonomy":"product_cat","embeddable":true,"href":"https:\/\/all-pets.de\/shop\/wp-json\/wp\/v2\/product_cat?post=45859"},{"taxonomy":"product_tag","embeddable":true,"href":"https:\/\/all-pets.de\/shop\/wp-json\/wp\/v2\/product_tag?post=45859"}],"curies":[{"name":"wp","href":"https:\/\/api.w.org\/{rel}","templated":true}]}}