{"id":45861,"date":"2023-12-12T10:50:08","date_gmt":"2023-12-12T09:50:08","guid":{"rendered":"https:\/\/pet-shopping.de\/shop\/produkt\/trixie-kleintier-transportbox-mini-capri\/"},"modified":"2023-12-12T10:50:11","modified_gmt":"2023-12-12T09:50:11","slug":"trixie-kleintier-transportbox-mini-capri","status":"publish","type":"product","link":"https:\/\/all-pets.de\/shop\/produkt\/trixie-kleintier-transportbox-mini-capri\/","title":{"rendered":"Trixie Kleintier-Transportbox Mini-Capri"},"content":{"rendered":"<p>Bei der Trixie Transportbox Mini-Capri handelt es sich um eine Kunststoff-Transportbox f\u00fcr Kleintiere, wie Meerschweinchen, Kaninchen und \u00e4hnlich gro\u00dfe Tiere mit einem K\u00f6rpergewicht von bis zu 2 kg.<\/p>\n<p>Die Box l\u00e4sst sich von oben \u00f6ffnen und ist mit einer Streichelklappe und Bel\u00fcftungsschlitzen f\u00fcr eine optimale Luftzirkulation ausgestattet. Zwei Griffe und ein Schultergurt sorgen f\u00fcr angenehmen Tragekomfort.<\/p>\n<p>Ma\u00dfe: ca. 40 x 22 x 30 cm<br \/> Farbe: hellgrau\/gr\u00fcn<\/p>\n","protected":false},"excerpt":{"rendered":"<p>Bei der Trixie Transportbox Mini-Capri handelt es sich um eine Kunststoff-Transportbox f\u00fcr Kleintiere, wie Meerschweinchen, Kaninchen und \u00e4hnlich gro\u00dfe Tiere mit einem K\u00f6rpergewicht von bis zu 2 kg. Die Box l\u00e4sst sich von oben \u00f6ffnen und ist mit einer Streichelklappe und Bel\u00fcftungsschlitzen f\u00fcr eine optimale Luftzirkulation ausgestattet. Zwei Griffe und ein Schultergurt sorgen f\u00fcr angenehmen [&hellip;]<\/p>\n","protected":false},"featured_media":26297,"comment_status":"closed","ping_status":"open","template":"","meta":[],"product_cat":[14213],"product_tag":[],"class_list":{"0":"post-45861","1":"product","2":"type-product","3":"status-publish","4":"has-post-thumbnail","6":"product_cat-kleintier-transportboxen","8":"first","9":"instock","10":"taxable","11":"shipping-taxable","12":"purchasable","13":"product-type-simple"},"_links":{"self":[{"href":"https:\/\/all-pets.de\/shop\/wp-json\/wp\/v2\/product\/45861","targetHints":{"allow":["GET"]}}],"collection":[{"href":"https:\/\/all-pets.de\/shop\/wp-json\/wp\/v2\/product"}],"about":[{"href":"https:\/\/all-pets.de\/shop\/wp-json\/wp\/v2\/types\/product"}],"replies":[{"embeddable":true,"href":"https:\/\/all-pets.de\/shop\/wp-json\/wp\/v2\/comments?post=45861"}],"wp:featuredmedia":[{"embeddable":true,"href":"https:\/\/all-pets.de\/shop\/wp-json\/wp\/v2\/media\/26297"}],"wp:attachment":[{"href":"https:\/\/all-pets.de\/shop\/wp-json\/wp\/v2\/media?parent=45861"}],"wp:term":[{"taxonomy":"product_cat","embeddable":true,"href":"https:\/\/all-pets.de\/shop\/wp-json\/wp\/v2\/product_cat?post=45861"},{"taxonomy":"product_tag","embeddable":true,"href":"https:\/\/all-pets.de\/shop\/wp-json\/wp\/v2\/product_tag?post=45861"}],"curies":[{"name":"wp","href":"https:\/\/api.w.org\/{rel}","templated":true}]}}