{"id":45863,"date":"2023-12-12T10:50:08","date_gmt":"2023-12-12T09:50:08","guid":{"rendered":"https:\/\/pet-shopping.de\/shop\/produkt\/trixie-transportbox-capri-ii-blau\/"},"modified":"2023-12-12T10:50:11","modified_gmt":"2023-12-12T09:50:11","slug":"trixie-transportbox-capri-ii-blau","status":"publish","type":"product","link":"https:\/\/all-pets.de\/shop\/produkt\/trixie-transportbox-capri-ii-blau\/","title":{"rendered":"Trixie Transportbox Capri II &#8211; blau"},"content":{"rendered":"<p>&#8211; Transportbox aus Kunststoff<br \/> &#8211; mit Befestigungsvorrichtung f\u00fcr Autosicherheitsgurt<br \/> &#8211; Bel\u00fcftungsschlitze sorgen f\u00fcr optimale Luftzirkulation<br \/> &#8211; mit Tragegriff<br \/> &#8211; mit Ablagefach und Streichelklappe<br \/> &#8211; Ma\u00dfe: ca. 37 x 34 x 55 cm<br \/> &#8211; Geeignet f\u00fcr alle Tiere bis ca. 8 kg K\u00f6rpergewicht<br \/> &#8211; Farbe: blau<\/p>\n","protected":false},"excerpt":{"rendered":"<p>&#8211; Transportbox aus Kunststoff &#8211; mit Befestigungsvorrichtung f\u00fcr Autosicherheitsgurt &#8211; Bel\u00fcftungsschlitze sorgen f\u00fcr optimale Luftzirkulation &#8211; mit Tragegriff &#8211; mit Ablagefach und Streichelklappe &#8211; Ma\u00dfe: ca. 37 x 34 x 55 cm &#8211; Geeignet f\u00fcr alle Tiere bis ca. 8 kg K\u00f6rpergewicht &#8211; Farbe: blau<\/p>\n","protected":false},"featured_media":26303,"comment_status":"closed","ping_status":"open","template":"","meta":[],"product_cat":[14217],"product_tag":[],"class_list":{"0":"post-45863","1":"product","2":"type-product","3":"status-publish","4":"has-post-thumbnail","6":"product_cat-transportboxen","8":"first","9":"instock","10":"taxable","11":"shipping-taxable","12":"purchasable","13":"product-type-simple"},"_links":{"self":[{"href":"https:\/\/all-pets.de\/shop\/wp-json\/wp\/v2\/product\/45863","targetHints":{"allow":["GET"]}}],"collection":[{"href":"https:\/\/all-pets.de\/shop\/wp-json\/wp\/v2\/product"}],"about":[{"href":"https:\/\/all-pets.de\/shop\/wp-json\/wp\/v2\/types\/product"}],"replies":[{"embeddable":true,"href":"https:\/\/all-pets.de\/shop\/wp-json\/wp\/v2\/comments?post=45863"}],"wp:featuredmedia":[{"embeddable":true,"href":"https:\/\/all-pets.de\/shop\/wp-json\/wp\/v2\/media\/26303"}],"wp:attachment":[{"href":"https:\/\/all-pets.de\/shop\/wp-json\/wp\/v2\/media?parent=45863"}],"wp:term":[{"taxonomy":"product_cat","embeddable":true,"href":"https:\/\/all-pets.de\/shop\/wp-json\/wp\/v2\/product_cat?post=45863"},{"taxonomy":"product_tag","embeddable":true,"href":"https:\/\/all-pets.de\/shop\/wp-json\/wp\/v2\/product_tag?post=45863"}],"curies":[{"name":"wp","href":"https:\/\/api.w.org\/{rel}","templated":true}]}}