{"id":45866,"date":"2023-12-12T10:50:08","date_gmt":"2023-12-12T09:50:08","guid":{"rendered":"https:\/\/pet-shopping.de\/shop\/produkt\/trixie-transportbox-capri-iii-open-top-grau\/"},"modified":"2023-12-12T10:50:11","modified_gmt":"2023-12-12T09:50:11","slug":"trixie-transportbox-capri-iii-open-top-grau","status":"publish","type":"product","link":"https:\/\/all-pets.de\/shop\/produkt\/trixie-transportbox-capri-iii-open-top-grau\/","title":{"rendered":"Trixie Transportbox Capri III Open Top &#8211; Grau"},"content":{"rendered":"<ul>\n<li>mit Metallgitter oben<\/li>\n<li>mit Metallt\u00fcr und Tragegriff<\/li>\n<li>von oben und vorne zu \u00f6ffnen<\/li>\n<li>Kunststoff<\/li>\n<li>Ma\u00dfe: ca. 40 \u00d7 38 \u00d7 61 cm<\/li>\n<li>bis zu: 12 kg<\/li>\n<li>Artikelgewicht: 2,5 kg<\/li>\n<li>Farbe: hellgrau\/dunkelgrau<\/li>\n<\/ul>\n","protected":false},"excerpt":{"rendered":"<p>mit Metallgitter oben mit Metallt\u00fcr und Tragegriff von oben und vorne zu \u00f6ffnen Kunststoff Ma\u00dfe: ca. 40 \u00d7 38 \u00d7 61 cm bis zu: 12 kg Artikelgewicht: 2,5 kg Farbe: hellgrau\/dunkelgrau<\/p>\n","protected":false},"featured_media":26318,"comment_status":"closed","ping_status":"open","template":"","meta":[],"product_cat":[14216],"product_tag":[],"class_list":{"0":"post-45866","1":"product","2":"type-product","3":"status-publish","4":"has-post-thumbnail","6":"product_cat-kleintier-transportboxen-transport-katzentransportboxenkleintierwelt-katzentransport-reise-transportboxenkatzenwelt-reise-transport","8":"first","9":"instock","10":"taxable","11":"shipping-taxable","12":"purchasable","13":"product-type-simple"},"_links":{"self":[{"href":"https:\/\/all-pets.de\/shop\/wp-json\/wp\/v2\/product\/45866","targetHints":{"allow":["GET"]}}],"collection":[{"href":"https:\/\/all-pets.de\/shop\/wp-json\/wp\/v2\/product"}],"about":[{"href":"https:\/\/all-pets.de\/shop\/wp-json\/wp\/v2\/types\/product"}],"replies":[{"embeddable":true,"href":"https:\/\/all-pets.de\/shop\/wp-json\/wp\/v2\/comments?post=45866"}],"wp:featuredmedia":[{"embeddable":true,"href":"https:\/\/all-pets.de\/shop\/wp-json\/wp\/v2\/media\/26318"}],"wp:attachment":[{"href":"https:\/\/all-pets.de\/shop\/wp-json\/wp\/v2\/media?parent=45866"}],"wp:term":[{"taxonomy":"product_cat","embeddable":true,"href":"https:\/\/all-pets.de\/shop\/wp-json\/wp\/v2\/product_cat?post=45866"},{"taxonomy":"product_tag","embeddable":true,"href":"https:\/\/all-pets.de\/shop\/wp-json\/wp\/v2\/product_tag?post=45866"}],"curies":[{"name":"wp","href":"https:\/\/api.w.org\/{rel}","templated":true}]}}