{"id":45867,"date":"2023-12-12T10:50:08","date_gmt":"2023-12-12T09:50:08","guid":{"rendered":"https:\/\/pet-shopping.de\/shop\/produkt\/trixie-ungeziefer-halsband-fuer-katzen-35-cm\/"},"modified":"2023-12-12T10:50:11","modified_gmt":"2023-12-12T09:50:11","slug":"trixie-ungeziefer-halsband-fuer-katzen-35-cm","status":"publish","type":"product","link":"https:\/\/all-pets.de\/shop\/produkt\/trixie-ungeziefer-halsband-fuer-katzen-35-cm\/","title":{"rendered":"Trixie Ungeziefer-Halsband f\u00fcr Katzen &#8211; 35 cm"},"content":{"rendered":"<ul>\n<li> nat\u00fcrlicher Wirkstoff: Margosa-Extrakt <\/li>\n<li> gegen Zecken und Fl\u00f6he <\/li>\n<li> bis zu 6 Wochen wirksam <\/li>\n<li> auch f\u00fcr Jungtiere ab 12 Wochen geeignet <\/li>\n<li> mit Sicherheitsverschluss <\/li>\n<\/ul>\n<p> Bei diesem Artikel handelt es sich um ein in Deutschland registriertes Biozid-Produkt. <\/p>\n<p> Biozidprodukte vorsichtig verwenden. Vor Gebrauch stets Etikett und Produktinformationen lesen. <\/p>\n<p>Farbe: braun<br \/> L\u00e4nge: ca. 35 cm<\/p>\n","protected":false},"excerpt":{"rendered":"<p>nat\u00fcrlicher Wirkstoff: Margosa-Extrakt gegen Zecken und Fl\u00f6he bis zu 6 Wochen wirksam auch f\u00fcr Jungtiere ab 12 Wochen geeignet mit Sicherheitsverschluss Bei diesem Artikel handelt es sich um ein in Deutschland registriertes Biozid-Produkt. Biozidprodukte vorsichtig verwenden. Vor Gebrauch stets Etikett und Produktinformationen lesen. Farbe: braun L\u00e4nge: ca. 35 cm<\/p>\n","protected":false},"featured_media":26321,"comment_status":"closed","ping_status":"open","template":"","meta":[],"product_cat":[14218],"product_tag":[],"class_list":{"0":"post-45867","1":"product","2":"type-product","3":"status-publish","4":"has-post-thumbnail","6":"product_cat-ungeziefer-schutz-pflege-gesundheit-katzenwelt","8":"first","9":"instock","10":"taxable","11":"shipping-taxable","12":"purchasable","13":"product-type-simple"},"_links":{"self":[{"href":"https:\/\/all-pets.de\/shop\/wp-json\/wp\/v2\/product\/45867","targetHints":{"allow":["GET"]}}],"collection":[{"href":"https:\/\/all-pets.de\/shop\/wp-json\/wp\/v2\/product"}],"about":[{"href":"https:\/\/all-pets.de\/shop\/wp-json\/wp\/v2\/types\/product"}],"replies":[{"embeddable":true,"href":"https:\/\/all-pets.de\/shop\/wp-json\/wp\/v2\/comments?post=45867"}],"wp:featuredmedia":[{"embeddable":true,"href":"https:\/\/all-pets.de\/shop\/wp-json\/wp\/v2\/media\/26321"}],"wp:attachment":[{"href":"https:\/\/all-pets.de\/shop\/wp-json\/wp\/v2\/media?parent=45867"}],"wp:term":[{"taxonomy":"product_cat","embeddable":true,"href":"https:\/\/all-pets.de\/shop\/wp-json\/wp\/v2\/product_cat?post=45867"},{"taxonomy":"product_tag","embeddable":true,"href":"https:\/\/all-pets.de\/shop\/wp-json\/wp\/v2\/product_tag?post=45867"}],"curies":[{"name":"wp","href":"https:\/\/api.w.org\/{rel}","templated":true}]}}