{"id":45871,"date":"2023-12-12T10:50:08","date_gmt":"2023-12-12T09:50:08","guid":{"rendered":"https:\/\/pet-shopping.de\/shop\/produkt\/trixie-keramik-doppelnapf-fuer-katzen\/"},"modified":"2023-12-12T10:50:12","modified_gmt":"2023-12-12T09:50:12","slug":"trixie-keramik-doppelnapf-fuer-katzen","status":"publish","type":"product","link":"https:\/\/all-pets.de\/shop\/produkt\/trixie-keramik-doppelnapf-fuer-katzen\/","title":{"rendered":"Trixie Keramik-Doppelnapf f\u00fcr Katzen"},"content":{"rendered":"<p>Der niedliche Doppelnapf f\u00fcr Katzen besteht aus Keramik und ist mit s\u00fc\u00dfen Katzenmotiven an beiden Napfb\u00f6den best\u00fcckt.<\/p>\n<p>Fassungsverm\u00f6gen: ca. 2 x 0,15 l<br \/> Napfdurchmesser: jeweils ca. 11 cm<br \/> Gesamtma\u00dfe des Doppelnapfes: ca. 22,5 x 11 cm (BxT)<\/p>\n","protected":false},"excerpt":{"rendered":"<p>Der niedliche Doppelnapf f\u00fcr Katzen besteht aus Keramik und ist mit s\u00fc\u00dfen Katzenmotiven an beiden Napfb\u00f6den best\u00fcckt. Fassungsverm\u00f6gen: ca. 2 x 0,15 l Napfdurchmesser: jeweils ca. 11 cm Gesamtma\u00dfe des Doppelnapfes: ca. 22,5 x 11 cm (BxT)<\/p>\n","protected":false},"featured_media":26342,"comment_status":"closed","ping_status":"open","template":"","meta":[],"product_cat":[13740],"product_tag":[],"class_list":{"0":"post-45871","1":"product","2":"type-product","3":"status-publish","4":"has-post-thumbnail","6":"product_cat-futter-wassernaepfe","8":"first","9":"instock","10":"taxable","11":"shipping-taxable","12":"purchasable","13":"product-type-simple"},"_links":{"self":[{"href":"https:\/\/all-pets.de\/shop\/wp-json\/wp\/v2\/product\/45871","targetHints":{"allow":["GET"]}}],"collection":[{"href":"https:\/\/all-pets.de\/shop\/wp-json\/wp\/v2\/product"}],"about":[{"href":"https:\/\/all-pets.de\/shop\/wp-json\/wp\/v2\/types\/product"}],"replies":[{"embeddable":true,"href":"https:\/\/all-pets.de\/shop\/wp-json\/wp\/v2\/comments?post=45871"}],"wp:featuredmedia":[{"embeddable":true,"href":"https:\/\/all-pets.de\/shop\/wp-json\/wp\/v2\/media\/26342"}],"wp:attachment":[{"href":"https:\/\/all-pets.de\/shop\/wp-json\/wp\/v2\/media?parent=45871"}],"wp:term":[{"taxonomy":"product_cat","embeddable":true,"href":"https:\/\/all-pets.de\/shop\/wp-json\/wp\/v2\/product_cat?post=45871"},{"taxonomy":"product_tag","embeddable":true,"href":"https:\/\/all-pets.de\/shop\/wp-json\/wp\/v2\/product_tag?post=45871"}],"curies":[{"name":"wp","href":"https:\/\/api.w.org\/{rel}","templated":true}]}}