{"id":45873,"date":"2023-12-12T10:50:13","date_gmt":"2023-12-12T09:50:13","guid":{"rendered":"https:\/\/pet-shopping.de\/shop\/produkt\/trixie-katzentoilette-cleany-cat-mit-rand-weiss\/"},"modified":"2023-12-12T10:50:14","modified_gmt":"2023-12-12T09:50:14","slug":"trixie-katzentoilette-cleany-cat-mit-rand-weiss","status":"publish","type":"product","link":"https:\/\/all-pets.de\/shop\/produkt\/trixie-katzentoilette-cleany-cat-mit-rand-weiss\/","title":{"rendered":"Trixie Katzentoilette Cleany Cat mit Rand &#8211; wei\u00df"},"content":{"rendered":"<p>Die Katzentoilette Cleany Cat besitzt eine extra hohe Umrandung, die das Austreten von Katzenstreu und -urin verhindert. <\/p>\n<p>Der Rahmen wird auf der Schale mit Easy-Click-Verschl\u00fcssen befestigt. Gummif\u00fc\u00dfe an der Unterseite der Toilette machen sie rutschfest.<\/p>\n<p>Ma\u00dfe: ca. 45 x 21 (29) x 54 cm<\/p>\n<p>Farbe: Wei\u00df<\/p>\n","protected":false},"excerpt":{"rendered":"<p>Die Katzentoilette Cleany Cat besitzt eine extra hohe Umrandung, die das Austreten von Katzenstreu und -urin verhindert. Der Rahmen wird auf der Schale mit Easy-Click-Verschl\u00fcssen befestigt. Gummif\u00fc\u00dfe an der Unterseite der Toilette machen sie rutschfest. Ma\u00dfe: ca. 45 x 21 (29) x 54 cm Farbe: Wei\u00df<\/p>\n","protected":false},"featured_media":26352,"comment_status":"closed","ping_status":"open","template":"","meta":[],"product_cat":[13941],"product_tag":[],"class_list":{"0":"post-45873","1":"product","2":"type-product","3":"status-publish","4":"has-post-thumbnail","6":"product_cat-katzentoiletten","8":"first","9":"instock","10":"taxable","11":"shipping-taxable","12":"purchasable","13":"product-type-simple"},"_links":{"self":[{"href":"https:\/\/all-pets.de\/shop\/wp-json\/wp\/v2\/product\/45873","targetHints":{"allow":["GET"]}}],"collection":[{"href":"https:\/\/all-pets.de\/shop\/wp-json\/wp\/v2\/product"}],"about":[{"href":"https:\/\/all-pets.de\/shop\/wp-json\/wp\/v2\/types\/product"}],"replies":[{"embeddable":true,"href":"https:\/\/all-pets.de\/shop\/wp-json\/wp\/v2\/comments?post=45873"}],"wp:featuredmedia":[{"embeddable":true,"href":"https:\/\/all-pets.de\/shop\/wp-json\/wp\/v2\/media\/26352"}],"wp:attachment":[{"href":"https:\/\/all-pets.de\/shop\/wp-json\/wp\/v2\/media?parent=45873"}],"wp:term":[{"taxonomy":"product_cat","embeddable":true,"href":"https:\/\/all-pets.de\/shop\/wp-json\/wp\/v2\/product_cat?post=45873"},{"taxonomy":"product_tag","embeddable":true,"href":"https:\/\/all-pets.de\/shop\/wp-json\/wp\/v2\/product_tag?post=45873"}],"curies":[{"name":"wp","href":"https:\/\/api.w.org\/{rel}","templated":true}]}}