{"id":45879,"date":"2023-12-12T10:50:13","date_gmt":"2023-12-12T09:50:13","guid":{"rendered":"https:\/\/pet-shopping.de\/shop\/produkt\/trixie-streuloeffel-leicht\/"},"modified":"2023-12-12T10:50:14","modified_gmt":"2023-12-12T09:50:14","slug":"trixie-streuloeffel-leicht","status":"publish","type":"product","link":"https:\/\/all-pets.de\/shop\/produkt\/trixie-streuloeffel-leicht\/","title":{"rendered":"Trixie Streul\u00f6ffel &#8211; leicht"},"content":{"rendered":"<p>Extra leichter Streul\u00f6ffel aus Kunststoff. Zum Reinigen von Katzentoiletten, geeignet f\u00fcr Klumpstreu.<\/p>\n<p>Diverse Farben. <\/p>\n<p>Eine Farbwahl ist leider nicht m\u00f6glich, da die Farbe je nach Lagerbestand gew\u00e4hlt wird.<\/p>\n<p>Gesamtma\u00dfe: ca. 26,5 x 10 cm (LxB)<br \/> Ma\u00dfe der Schaufelfl\u00e4che: ca. 9 x 10 cm (LxB)<\/p>\n","protected":false},"excerpt":{"rendered":"<p>Extra leichter Streul\u00f6ffel aus Kunststoff. Zum Reinigen von Katzentoiletten, geeignet f\u00fcr Klumpstreu. Diverse Farben. Eine Farbwahl ist leider nicht m\u00f6glich, da die Farbe je nach Lagerbestand gew\u00e4hlt wird. Gesamtma\u00dfe: ca. 26,5 x 10 cm (LxB) Ma\u00dfe der Schaufelfl\u00e4che: ca. 9 x 10 cm (LxB)<\/p>\n","protected":false},"featured_media":26372,"comment_status":"closed","ping_status":"open","template":"","meta":[],"product_cat":[14219],"product_tag":[],"class_list":{"0":"post-45879","1":"product","2":"type-product","3":"status-publish","4":"has-post-thumbnail","6":"product_cat-toiletten-zubehoer","8":"first","9":"instock","10":"taxable","11":"shipping-taxable","12":"purchasable","13":"product-type-simple"},"_links":{"self":[{"href":"https:\/\/all-pets.de\/shop\/wp-json\/wp\/v2\/product\/45879","targetHints":{"allow":["GET"]}}],"collection":[{"href":"https:\/\/all-pets.de\/shop\/wp-json\/wp\/v2\/product"}],"about":[{"href":"https:\/\/all-pets.de\/shop\/wp-json\/wp\/v2\/types\/product"}],"replies":[{"embeddable":true,"href":"https:\/\/all-pets.de\/shop\/wp-json\/wp\/v2\/comments?post=45879"}],"wp:featuredmedia":[{"embeddable":true,"href":"https:\/\/all-pets.de\/shop\/wp-json\/wp\/v2\/media\/26372"}],"wp:attachment":[{"href":"https:\/\/all-pets.de\/shop\/wp-json\/wp\/v2\/media?parent=45879"}],"wp:term":[{"taxonomy":"product_cat","embeddable":true,"href":"https:\/\/all-pets.de\/shop\/wp-json\/wp\/v2\/product_cat?post=45879"},{"taxonomy":"product_tag","embeddable":true,"href":"https:\/\/all-pets.de\/shop\/wp-json\/wp\/v2\/product_tag?post=45879"}],"curies":[{"name":"wp","href":"https:\/\/api.w.org\/{rel}","templated":true}]}}