{"id":45888,"date":"2023-12-12T10:50:13","date_gmt":"2023-12-12T09:50:13","guid":{"rendered":"https:\/\/pet-shopping.de\/shop\/produkt\/trixie-kuschelhoehle-luna\/"},"modified":"2023-12-12T10:50:16","modified_gmt":"2023-12-12T09:50:16","slug":"trixie-kuschelhoehle-luna","status":"publish","type":"product","link":"https:\/\/all-pets.de\/shop\/produkt\/trixie-kuschelhoehle-luna\/","title":{"rendered":"Trixie Kuschelh\u00f6hle Luna"},"content":{"rendered":"<p>Die Kuschelh\u00f6hle Luna besteht aus formstabilem Filz (Polyester), welches isolierend und schmutzabweisend wirkt.<\/p>\n<p>Durch den Rei\u00dfverschluss l\u00e4sst sich die Oberseite der H\u00f6hle abnehmen, so dass diese ebenso als Bett ohne Dach genutzt werden kann. Ein Kissen mit Pl\u00fcsch-Bezug und Polyestervlies-F\u00fcllung macht die H\u00f6hle zu einem kuscheligen Schlafplatz. Das Kissen kann per Handw\u00e4sche gereinigt werden.<\/p>\n<p>Ma\u00dfe: ca. 40 x 24 x 46 cm<\/p>\n","protected":false},"excerpt":{"rendered":"<p>Die Kuschelh\u00f6hle Luna besteht aus formstabilem Filz (Polyester), welches isolierend und schmutzabweisend wirkt. Durch den Rei\u00dfverschluss l\u00e4sst sich die Oberseite der H\u00f6hle abnehmen, so dass diese ebenso als Bett ohne Dach genutzt werden kann. Ein Kissen mit Pl\u00fcsch-Bezug und Polyestervlies-F\u00fcllung macht die H\u00f6hle zu einem kuscheligen Schlafplatz. Das Kissen kann per Handw\u00e4sche gereinigt werden. Ma\u00dfe: [&hellip;]<\/p>\n","protected":false},"featured_media":18126,"comment_status":"closed","ping_status":"open","template":"","meta":[],"product_cat":[14229],"product_tag":[],"class_list":{"0":"post-45888","1":"product","2":"type-product","3":"status-publish","4":"has-post-thumbnail","6":"product_cat-betten-sofas-katzenbetten-katzenkoerbe-hundebetten-hundekissenkatzenwelt-betten-koerbe-liegehoehlenhundewelt","8":"first","9":"instock","10":"taxable","11":"shipping-taxable","12":"purchasable","13":"product-type-simple"},"_links":{"self":[{"href":"https:\/\/all-pets.de\/shop\/wp-json\/wp\/v2\/product\/45888","targetHints":{"allow":["GET"]}}],"collection":[{"href":"https:\/\/all-pets.de\/shop\/wp-json\/wp\/v2\/product"}],"about":[{"href":"https:\/\/all-pets.de\/shop\/wp-json\/wp\/v2\/types\/product"}],"replies":[{"embeddable":true,"href":"https:\/\/all-pets.de\/shop\/wp-json\/wp\/v2\/comments?post=45888"}],"wp:featuredmedia":[{"embeddable":true,"href":"https:\/\/all-pets.de\/shop\/wp-json\/wp\/v2\/media\/18126"}],"wp:attachment":[{"href":"https:\/\/all-pets.de\/shop\/wp-json\/wp\/v2\/media?parent=45888"}],"wp:term":[{"taxonomy":"product_cat","embeddable":true,"href":"https:\/\/all-pets.de\/shop\/wp-json\/wp\/v2\/product_cat?post=45888"},{"taxonomy":"product_tag","embeddable":true,"href":"https:\/\/all-pets.de\/shop\/wp-json\/wp\/v2\/product_tag?post=45888"}],"curies":[{"name":"wp","href":"https:\/\/api.w.org\/{rel}","templated":true}]}}