{"id":45889,"date":"2023-12-12T10:50:13","date_gmt":"2023-12-12T09:50:13","guid":{"rendered":"https:\/\/pet-shopping.de\/shop\/produkt\/trixie-spielmaus-fuer-tuerrahmen\/"},"modified":"2023-12-12T10:50:16","modified_gmt":"2023-12-12T09:50:16","slug":"trixie-spielmaus-fuer-tuerrahmen","status":"publish","type":"product","link":"https:\/\/all-pets.de\/shop\/produkt\/trixie-spielmaus-fuer-tuerrahmen\/","title":{"rendered":"Trixie Spielmaus f\u00fcr T\u00fcrrahmen"},"content":{"rendered":"<p>Die Pl\u00fcschmaus ist an einem Gummiband befestigt, welches am anderen Ende mit einer kunststoff\u00fcberzogenen Klemme versehen ist. So kann das Spielzeug ganz einfach an jedem T\u00fcrrahmen befestigt werden und bringt stundenlangen Spielspa\u00df ins Katzenleben. Die Maus ist mit einer Rassel ausgestattet. <\/p>\n<p> Gr\u00f6\u00dfe der Maus: ca. 8 cm (inkl. Schwanz ca. 15 cm)<br \/> L\u00e4nge des Gummibandes: ca. 190 cm <\/p>\n<p> (Die Farben k\u00f6nnen von der Abbildung abweichen.)<\/p>\n","protected":false},"excerpt":{"rendered":"<p>Die Pl\u00fcschmaus ist an einem Gummiband befestigt, welches am anderen Ende mit einer kunststoff\u00fcberzogenen Klemme versehen ist. So kann das Spielzeug ganz einfach an jedem T\u00fcrrahmen befestigt werden und bringt stundenlangen Spielspa\u00df ins Katzenleben. Die Maus ist mit einer Rassel ausgestattet. Gr\u00f6\u00dfe der Maus: ca. 8 cm (inkl. Schwanz ca. 15 cm) L\u00e4nge des Gummibandes: [&hellip;]<\/p>\n","protected":false},"featured_media":26384,"comment_status":"closed","ping_status":"open","template":"","meta":[],"product_cat":[14230],"product_tag":[],"class_list":{"0":"post-45889","1":"product","2":"type-product","3":"status-publish","4":"has-post-thumbnail","6":"product_cat-katzenspielmaeuse-katzenspielzeug-katzenspielangeln-cokatzenwelt","8":"first","9":"instock","10":"taxable","11":"shipping-taxable","12":"purchasable","13":"product-type-simple"},"_links":{"self":[{"href":"https:\/\/all-pets.de\/shop\/wp-json\/wp\/v2\/product\/45889","targetHints":{"allow":["GET"]}}],"collection":[{"href":"https:\/\/all-pets.de\/shop\/wp-json\/wp\/v2\/product"}],"about":[{"href":"https:\/\/all-pets.de\/shop\/wp-json\/wp\/v2\/types\/product"}],"replies":[{"embeddable":true,"href":"https:\/\/all-pets.de\/shop\/wp-json\/wp\/v2\/comments?post=45889"}],"wp:featuredmedia":[{"embeddable":true,"href":"https:\/\/all-pets.de\/shop\/wp-json\/wp\/v2\/media\/26384"}],"wp:attachment":[{"href":"https:\/\/all-pets.de\/shop\/wp-json\/wp\/v2\/media?parent=45889"}],"wp:term":[{"taxonomy":"product_cat","embeddable":true,"href":"https:\/\/all-pets.de\/shop\/wp-json\/wp\/v2\/product_cat?post=45889"},{"taxonomy":"product_tag","embeddable":true,"href":"https:\/\/all-pets.de\/shop\/wp-json\/wp\/v2\/product_tag?post=45889"}],"curies":[{"name":"wp","href":"https:\/\/api.w.org\/{rel}","templated":true}]}}