{"id":45890,"date":"2023-12-12T10:50:13","date_gmt":"2023-12-12T09:50:13","guid":{"rendered":"https:\/\/pet-shopping.de\/shop\/produkt\/trixie-2-plueschmaeuse-mit-schelle-weiss-grau\/"},"modified":"2023-12-12T10:50:17","modified_gmt":"2023-12-12T09:50:17","slug":"trixie-2-plueschmaeuse-mit-schelle-weiss-grau","status":"publish","type":"product","link":"https:\/\/all-pets.de\/shop\/produkt\/trixie-2-plueschmaeuse-mit-schelle-weiss-grau\/","title":{"rendered":"Trixie 2 Pl\u00fcschm\u00e4use mit Schelle &#8211; wei\u00df \/ grau"},"content":{"rendered":"<div id=\"test_product_longdesc\">\n<p>Egal ob gro\u00df oder klein, eine Spielmaus ist bei jeder Katze beliebt. Die Katze erh\u00e4lt ein stundenlanges Spielvergn\u00fcgen. <\/p>\n<p>Mit Schelle und Catnip. <\/p>\n<p>Das Set besteht aus 2 Pl\u00fcschm\u00e4usen.<\/p>\n<p>Gr\u00f6\u00dfe: ca. 5 cm (ohne Schwanz)<\/p>\n<p>Farbe: Grau\/Wei\u00df <\/p>\n<\/div>\n","protected":false},"excerpt":{"rendered":"<p>Egal ob gro\u00df oder klein, eine Spielmaus ist bei jeder Katze beliebt. Die Katze erh\u00e4lt ein stundenlanges Spielvergn\u00fcgen. Mit Schelle und Catnip. Das Set besteht aus 2 Pl\u00fcschm\u00e4usen. Gr\u00f6\u00dfe: ca. 5 cm (ohne Schwanz) Farbe: Grau\/Wei\u00df<\/p>\n","protected":false},"featured_media":26389,"comment_status":"closed","ping_status":"open","template":"","meta":[],"product_cat":[13701],"product_tag":[],"class_list":{"0":"post-45890","1":"product","2":"type-product","3":"status-publish","4":"has-post-thumbnail","6":"product_cat-catnip-baldrian-spielzeug","8":"first","9":"instock","10":"taxable","11":"shipping-taxable","12":"purchasable","13":"product-type-simple"},"_links":{"self":[{"href":"https:\/\/all-pets.de\/shop\/wp-json\/wp\/v2\/product\/45890","targetHints":{"allow":["GET"]}}],"collection":[{"href":"https:\/\/all-pets.de\/shop\/wp-json\/wp\/v2\/product"}],"about":[{"href":"https:\/\/all-pets.de\/shop\/wp-json\/wp\/v2\/types\/product"}],"replies":[{"embeddable":true,"href":"https:\/\/all-pets.de\/shop\/wp-json\/wp\/v2\/comments?post=45890"}],"wp:featuredmedia":[{"embeddable":true,"href":"https:\/\/all-pets.de\/shop\/wp-json\/wp\/v2\/media\/26389"}],"wp:attachment":[{"href":"https:\/\/all-pets.de\/shop\/wp-json\/wp\/v2\/media?parent=45890"}],"wp:term":[{"taxonomy":"product_cat","embeddable":true,"href":"https:\/\/all-pets.de\/shop\/wp-json\/wp\/v2\/product_cat?post=45890"},{"taxonomy":"product_tag","embeddable":true,"href":"https:\/\/all-pets.de\/shop\/wp-json\/wp\/v2\/product_tag?post=45890"}],"curies":[{"name":"wp","href":"https:\/\/api.w.org\/{rel}","templated":true}]}}