{"id":45891,"date":"2023-12-12T10:50:13","date_gmt":"2023-12-12T09:50:13","guid":{"rendered":"https:\/\/pet-shopping.de\/shop\/produkt\/trixie-mouse-family-auf-federn\/"},"modified":"2023-12-12T10:50:17","modified_gmt":"2023-12-12T09:50:17","slug":"trixie-mouse-family-auf-federn","status":"publish","type":"product","link":"https:\/\/all-pets.de\/shop\/produkt\/trixie-mouse-family-auf-federn\/","title":{"rendered":"Trixie Mouse Family auf Federn"},"content":{"rendered":"<p>Die lustig hin und her wackelnde Pl\u00fcschmausfamilie, die auf Spiralfedern befestigt ist, regt den Jagdinstinkt Ihrer Katze an und bringt ihr langen Spielspa\u00df.<\/p>\n<p>Durch die Bodenplatte mit einem Durchmesser von ca. 14,5 cm, die mit Pl\u00fcsch bezogen ist, ist das Spielzeug standfest. F\u00fcr noch mehr Spielvergn\u00fcgen ist das Spielzeug mit Catnip ausgestattet.<\/p>\n<p>Ma\u00dfe: ca. 14,5 x 22 cm (Durchmesser x H\u00f6he)<\/p>\n<p>Die Farben k\u00f6nnen von der Abbildung abweichen.<\/p>\n","protected":false},"excerpt":{"rendered":"<p>Die lustig hin und her wackelnde Pl\u00fcschmausfamilie, die auf Spiralfedern befestigt ist, regt den Jagdinstinkt Ihrer Katze an und bringt ihr langen Spielspa\u00df. Durch die Bodenplatte mit einem Durchmesser von ca. 14,5 cm, die mit Pl\u00fcsch bezogen ist, ist das Spielzeug standfest. F\u00fcr noch mehr Spielvergn\u00fcgen ist das Spielzeug mit Catnip ausgestattet. Ma\u00dfe: ca. 14,5 [&hellip;]<\/p>\n","protected":false},"featured_media":45892,"comment_status":"closed","ping_status":"open","template":"","meta":[],"product_cat":[13701],"product_tag":[],"class_list":{"0":"post-45891","1":"product","2":"type-product","3":"status-publish","4":"has-post-thumbnail","6":"product_cat-catnip-baldrian-spielzeug","8":"first","9":"instock","10":"taxable","11":"shipping-taxable","12":"purchasable","13":"product-type-simple"},"_links":{"self":[{"href":"https:\/\/all-pets.de\/shop\/wp-json\/wp\/v2\/product\/45891","targetHints":{"allow":["GET"]}}],"collection":[{"href":"https:\/\/all-pets.de\/shop\/wp-json\/wp\/v2\/product"}],"about":[{"href":"https:\/\/all-pets.de\/shop\/wp-json\/wp\/v2\/types\/product"}],"replies":[{"embeddable":true,"href":"https:\/\/all-pets.de\/shop\/wp-json\/wp\/v2\/comments?post=45891"}],"wp:featuredmedia":[{"embeddable":true,"href":"https:\/\/all-pets.de\/shop\/wp-json\/wp\/v2\/media\/45892"}],"wp:attachment":[{"href":"https:\/\/all-pets.de\/shop\/wp-json\/wp\/v2\/media?parent=45891"}],"wp:term":[{"taxonomy":"product_cat","embeddable":true,"href":"https:\/\/all-pets.de\/shop\/wp-json\/wp\/v2\/product_cat?post=45891"},{"taxonomy":"product_tag","embeddable":true,"href":"https:\/\/all-pets.de\/shop\/wp-json\/wp\/v2\/product_tag?post=45891"}],"curies":[{"name":"wp","href":"https:\/\/api.w.org\/{rel}","templated":true}]}}