{"id":45895,"date":"2023-12-12T10:50:13","date_gmt":"2023-12-12T09:50:13","guid":{"rendered":"https:\/\/pet-shopping.de\/shop\/produkt\/trixie-sisal-ball-mit-catnip-6-cm\/"},"modified":"2023-12-12T10:50:17","modified_gmt":"2023-12-12T09:50:17","slug":"trixie-sisal-ball-mit-catnip-6-cm","status":"publish","type":"product","link":"https:\/\/all-pets.de\/shop\/produkt\/trixie-sisal-ball-mit-catnip-6-cm\/","title":{"rendered":"Trixie Sisal-Ball mit Catnip &#8211; 6 cm"},"content":{"rendered":"<p>Dieser Sisal-Ball bietet Spa\u00df und ist eine sehr n\u00fctzliche Unterst\u00fctzung bei der Krallenpflege.\u00a0<\/p>\n<p>Sisal ist eine nat\u00fcrliche, sehr robuste Faser, welche der Katze hilft, die schuppige Oberschicht der Kralle zu entfernen. So wird ein Einwachsen der Katzenkrallen verhindert.<\/p>\n<p>Die im Ball enthaltene spielanregende Kr\u00e4utermischung (Catnip) sorgt daf\u00fcr, dass dieses Spielzeug lange interessant bleibt.<\/p>\n<p>Gr\u00f6\u00dfe: ca. 6 cm<\/p>\n<p>Diverse Farben<\/p>\n<p><font size=\"1\">(Eine Farbwahl ist leider nicht m\u00f6glich. Die Farbe wird je nach Lagerbestand gew\u00e4hlt.)<\/font> <\/p>\n","protected":false},"excerpt":{"rendered":"<p>Dieser Sisal-Ball bietet Spa\u00df und ist eine sehr n\u00fctzliche Unterst\u00fctzung bei der Krallenpflege.\u00a0 Sisal ist eine nat\u00fcrliche, sehr robuste Faser, welche der Katze hilft, die schuppige Oberschicht der Kralle zu entfernen. So wird ein Einwachsen der Katzenkrallen verhindert. Die im Ball enthaltene spielanregende Kr\u00e4utermischung (Catnip) sorgt daf\u00fcr, dass dieses Spielzeug lange interessant bleibt. Gr\u00f6\u00dfe: ca. [&hellip;]<\/p>\n","protected":false},"featured_media":26397,"comment_status":"closed","ping_status":"open","template":"","meta":[],"product_cat":[13849],"product_tag":[],"class_list":{"0":"post-45895","1":"product","2":"type-product","3":"status-publish","4":"has-post-thumbnail","6":"product_cat-catnip-baldrian-spielzeug-katzenspielzeug-katzenbaellekatzenwelt","8":"first","9":"instock","10":"taxable","11":"shipping-taxable","12":"purchasable","13":"product-type-simple"},"_links":{"self":[{"href":"https:\/\/all-pets.de\/shop\/wp-json\/wp\/v2\/product\/45895","targetHints":{"allow":["GET"]}}],"collection":[{"href":"https:\/\/all-pets.de\/shop\/wp-json\/wp\/v2\/product"}],"about":[{"href":"https:\/\/all-pets.de\/shop\/wp-json\/wp\/v2\/types\/product"}],"replies":[{"embeddable":true,"href":"https:\/\/all-pets.de\/shop\/wp-json\/wp\/v2\/comments?post=45895"}],"wp:featuredmedia":[{"embeddable":true,"href":"https:\/\/all-pets.de\/shop\/wp-json\/wp\/v2\/media\/26397"}],"wp:attachment":[{"href":"https:\/\/all-pets.de\/shop\/wp-json\/wp\/v2\/media?parent=45895"}],"wp:term":[{"taxonomy":"product_cat","embeddable":true,"href":"https:\/\/all-pets.de\/shop\/wp-json\/wp\/v2\/product_cat?post=45895"},{"taxonomy":"product_tag","embeddable":true,"href":"https:\/\/all-pets.de\/shop\/wp-json\/wp\/v2\/product_tag?post=45895"}],"curies":[{"name":"wp","href":"https:\/\/api.w.org\/{rel}","templated":true}]}}